{"id":5446,"date":"2023-07-17T08:25:02","date_gmt":"2023-07-17T08:25:02","guid":{"rendered":"http:\/\/www.dor.hu\/?page_id=5446"},"modified":"2023-10-07T16:38:45","modified_gmt":"2023-10-07T16:38:45","slug":"intezmenyek","status":"publish","type":"page","link":"http:\/\/www.dor.hu\/?page_id=5446","title":{"rendered":"Int\u00e9zm\u00e9nyek"},"content":{"rendered":"<p>[et_pb_section fb_built=&#8221;1&#8243; _builder_version=&#8221;4.21.0&#8243; _module_preset=&#8221;default&#8221; background_image=&#8221;http:\/\/www.dor.hu\/wp-content\/uploads\/2023\/07\/Cimer5.png&#8221; background_size=&#8221;contain&#8221; min_height=&#8221;1000px&#8221; global_colors_info=&#8221;{}&#8221;][et_pb_row _builder_version=&#8221;4.21.0&#8243; _module_preset=&#8221;default&#8221; global_colors_info=&#8221;{}&#8221;][et_pb_column type=&#8221;4_4&#8243; _builder_version=&#8221;4.21.0&#8243; _module_preset=&#8221;default&#8221; global_colors_info=&#8221;{}&#8221;][et_pb_text _builder_version=&#8221;4.21.0&#8243; _module_preset=&#8221;default&#8221; text_font=&#8221;Adamina||||||||&#8221; text_text_color=&#8221;#331584&#8243; text_font_size=&#8221;40px&#8221; text_orientation=&#8221;center&#8221; global_colors_info=&#8221;{}&#8221; header_font=&#8221;Times New Roman||||||||&#8221;]<\/p>\n<p>Int\u00e9zm\u00e9nyek, szolg\u00e1ltat\u00e1sok<\/p>\n<p>[\/et_pb_text][et_pb_text _builder_version=&#8221;4.21.0&#8243; _module_preset=&#8221;default&#8221; text_font_size=&#8221;19px&#8221; text_line_height=&#8221;1.8em&#8221; global_colors_info=&#8221;{}&#8221;]<\/p>\n<p>&nbsp;<\/p>\n<p>&nbsp;<\/p>\n<p>Int\u00e9zm\u00e9nyek:<br \/>&#8211; \u00d6nkorm\u00e1nyzati Hivatal<br \/>&#8211; Napk\u00f6zi Otthonos \u00d3voda.<\/p>\n<p>&nbsp;<\/p>\n<p>Szolg\u00e1ltat\u00e1sok:<\/p>\n<p>&#8211; h\u00e1ziorvosi szolg\u00e1lat az 1971-ben \u00e9p\u00fclt orvosi rendel\u0151ben, <br \/>&#8211; Katalin Otthon \u00e9s Id\u0151skor\u00faak Gondoz\u00f3h\u00e1za<br \/>&#8211; posta<br \/>&#8211; k\u00e9t vegyesbolt \u00e9s egy italbolt.<\/p>\n<p>[\/et_pb_text][\/et_pb_column][\/et_pb_row][\/et_pb_section]<\/p>\n","protected":false},"excerpt":{"rendered":"<p>Int\u00e9zm\u00e9nyek, szolg\u00e1ltat\u00e1sok&nbsp; &nbsp; Int\u00e9zm\u00e9nyek:- \u00d6nkorm\u00e1nyzati Hivatal- Napk\u00f6zi Otthonos \u00d3voda. &nbsp; Szolg\u00e1ltat\u00e1sok: &#8211; h\u00e1ziorvosi szolg\u00e1lat az 1971-ben \u00e9p\u00fclt orvosi rendel\u0151ben, &#8211; Katalin Otthon \u00e9s Id\u0151skor\u00faak Gondoz\u00f3h\u00e1za- posta- k\u00e9t vegyesbolt \u00e9s egy italbolt.<\/p>\n","protected":false},"author":1,"featured_media":0,"parent":0,"menu_order":0,"comment_status":"closed","ping_status":"closed","template":"","meta":{"_et_pb_use_builder":"on","_et_pb_old_content":"","_et_gb_content_width":"","footnotes":""},"class_list":["post-5446","page","type-page","status-publish","hentry"],"yoast_head":"<!-- This site is optimized with the Yoast SEO plugin v26.8 - https:\/\/yoast.com\/product\/yoast-seo-wordpress\/ -->\n<title>Int\u00e9zm\u00e9nyek - D\u00f6r<\/title>\n<meta name=\"robots\" content=\"index, follow, max-snippet:-1, max-image-preview:large, max-video-preview:-1\" \/>\n<link rel=\"canonical\" href=\"https:\/\/www.dor.hu\/?page_id=5446\" \/>\n<meta property=\"og:locale\" content=\"hu_HU\" \/>\n<meta property=\"og:type\" content=\"article\" \/>\n<meta property=\"og:title\" content=\"Int\u00e9zm\u00e9nyek - D\u00f6r\" \/>\n<meta property=\"og:description\" content=\"Int\u00e9zm\u00e9nyek, szolg\u00e1ltat\u00e1sok&nbsp; &nbsp; Int\u00e9zm\u00e9nyek:- \u00d6nkorm\u00e1nyzati Hivatal- Napk\u00f6zi Otthonos \u00d3voda. &nbsp; Szolg\u00e1ltat\u00e1sok: - h\u00e1ziorvosi szolg\u00e1lat az 1971-ben \u00e9p\u00fclt orvosi rendel\u0151ben, - Katalin Otthon \u00e9s Id\u0151skor\u00faak Gondoz\u00f3h\u00e1za- posta- k\u00e9t vegyesbolt \u00e9s egy italbolt.\" \/>\n<meta property=\"og:url\" content=\"https:\/\/www.dor.hu\/?page_id=5446\" \/>\n<meta property=\"og:site_name\" content=\"D\u00f6r\" \/>\n<meta property=\"article:modified_time\" content=\"2023-10-07T16:38:45+00:00\" \/>\n<meta name=\"twitter:card\" content=\"summary_large_image\" \/>\n<meta name=\"twitter:label1\" content=\"Becs\u00fclt olvas\u00e1si id\u0151\" \/>\n\t<meta name=\"twitter:data1\" content=\"1 perc\" \/>\n<script type=\"application\/ld+json\" class=\"yoast-schema-graph\">{\"@context\":\"https:\/\/schema.org\",\"@graph\":[{\"@type\":\"WebPage\",\"@id\":\"https:\/\/www.dor.hu\/?page_id=5446\",\"url\":\"https:\/\/www.dor.hu\/?page_id=5446\",\"name\":\"Int\u00e9zm\u00e9nyek - D\u00f6r\",\"isPartOf\":{\"@id\":\"https:\/\/www.dor.hu\/#website\"},\"datePublished\":\"2023-07-17T08:25:02+00:00\",\"dateModified\":\"2023-10-07T16:38:45+00:00\",\"breadcrumb\":{\"@id\":\"https:\/\/www.dor.hu\/?page_id=5446#breadcrumb\"},\"inLanguage\":\"hu\",\"potentialAction\":[{\"@type\":\"ReadAction\",\"target\":[\"https:\/\/www.dor.hu\/?page_id=5446\"]}]},{\"@type\":\"BreadcrumbList\",\"@id\":\"https:\/\/www.dor.hu\/?page_id=5446#breadcrumb\",\"itemListElement\":[{\"@type\":\"ListItem\",\"position\":1,\"name\":\"Kezd\u0151lap\",\"item\":\"https:\/\/www.dor.hu\/\"},{\"@type\":\"ListItem\",\"position\":2,\"name\":\"Int\u00e9zm\u00e9nyek\"}]},{\"@type\":\"WebSite\",\"@id\":\"https:\/\/www.dor.hu\/#website\",\"url\":\"https:\/\/www.dor.hu\/\",\"name\":\"D\u00f6r\",\"description\":\"D\u00f6r K\u00f6zs\u00e9gi \u00d6nkorm\u00e1nyzat\",\"potentialAction\":[{\"@type\":\"SearchAction\",\"target\":{\"@type\":\"EntryPoint\",\"urlTemplate\":\"https:\/\/www.dor.hu\/?s={search_term_string}\"},\"query-input\":{\"@type\":\"PropertyValueSpecification\",\"valueRequired\":true,\"valueName\":\"search_term_string\"}}],\"inLanguage\":\"hu\"}]}<\/script>\n<!-- \/ Yoast SEO plugin. -->","yoast_head_json":{"title":"Int\u00e9zm\u00e9nyek - D\u00f6r","robots":{"index":"index","follow":"follow","max-snippet":"max-snippet:-1","max-image-preview":"max-image-preview:large","max-video-preview":"max-video-preview:-1"},"canonical":"https:\/\/www.dor.hu\/?page_id=5446","og_locale":"hu_HU","og_type":"article","og_title":"Int\u00e9zm\u00e9nyek - D\u00f6r","og_description":"Int\u00e9zm\u00e9nyek, szolg\u00e1ltat\u00e1sok&nbsp; &nbsp; Int\u00e9zm\u00e9nyek:- \u00d6nkorm\u00e1nyzati Hivatal- Napk\u00f6zi Otthonos \u00d3voda. &nbsp; Szolg\u00e1ltat\u00e1sok: - h\u00e1ziorvosi szolg\u00e1lat az 1971-ben \u00e9p\u00fclt orvosi rendel\u0151ben, - Katalin Otthon \u00e9s Id\u0151skor\u00faak Gondoz\u00f3h\u00e1za- posta- k\u00e9t vegyesbolt \u00e9s egy italbolt.","og_url":"https:\/\/www.dor.hu\/?page_id=5446","og_site_name":"D\u00f6r","article_modified_time":"2023-10-07T16:38:45+00:00","twitter_card":"summary_large_image","twitter_misc":{"Becs\u00fclt olvas\u00e1si id\u0151":"1 perc"},"schema":{"@context":"https:\/\/schema.org","@graph":[{"@type":"WebPage","@id":"https:\/\/www.dor.hu\/?page_id=5446","url":"https:\/\/www.dor.hu\/?page_id=5446","name":"Int\u00e9zm\u00e9nyek - D\u00f6r","isPartOf":{"@id":"https:\/\/www.dor.hu\/#website"},"datePublished":"2023-07-17T08:25:02+00:00","dateModified":"2023-10-07T16:38:45+00:00","breadcrumb":{"@id":"https:\/\/www.dor.hu\/?page_id=5446#breadcrumb"},"inLanguage":"hu","potentialAction":[{"@type":"ReadAction","target":["https:\/\/www.dor.hu\/?page_id=5446"]}]},{"@type":"BreadcrumbList","@id":"https:\/\/www.dor.hu\/?page_id=5446#breadcrumb","itemListElement":[{"@type":"ListItem","position":1,"name":"Kezd\u0151lap","item":"https:\/\/www.dor.hu\/"},{"@type":"ListItem","position":2,"name":"Int\u00e9zm\u00e9nyek"}]},{"@type":"WebSite","@id":"https:\/\/www.dor.hu\/#website","url":"https:\/\/www.dor.hu\/","name":"D\u00f6r","description":"D\u00f6r K\u00f6zs\u00e9gi \u00d6nkorm\u00e1nyzat","potentialAction":[{"@type":"SearchAction","target":{"@type":"EntryPoint","urlTemplate":"https:\/\/www.dor.hu\/?s={search_term_string}"},"query-input":{"@type":"PropertyValueSpecification","valueRequired":true,"valueName":"search_term_string"}}],"inLanguage":"hu"}]}},"_links":{"self":[{"href":"http:\/\/www.dor.hu\/index.php?rest_route=\/wp\/v2\/pages\/5446","targetHints":{"allow":["GET"]}}],"collection":[{"href":"http:\/\/www.dor.hu\/index.php?rest_route=\/wp\/v2\/pages"}],"about":[{"href":"http:\/\/www.dor.hu\/index.php?rest_route=\/wp\/v2\/types\/page"}],"author":[{"embeddable":true,"href":"http:\/\/www.dor.hu\/index.php?rest_route=\/wp\/v2\/users\/1"}],"replies":[{"embeddable":true,"href":"http:\/\/www.dor.hu\/index.php?rest_route=%2Fwp%2Fv2%2Fcomments&post=5446"}],"version-history":[{"count":5,"href":"http:\/\/www.dor.hu\/index.php?rest_route=\/wp\/v2\/pages\/5446\/revisions"}],"predecessor-version":[{"id":5997,"href":"http:\/\/www.dor.hu\/index.php?rest_route=\/wp\/v2\/pages\/5446\/revisions\/5997"}],"wp:attachment":[{"href":"http:\/\/www.dor.hu\/index.php?rest_route=%2Fwp%2Fv2%2Fmedia&parent=5446"}],"curies":[{"name":"wp","href":"https:\/\/api.w.org\/{rel}","templated":true}]}}