{"id":6109,"date":"2024-01-25T18:21:08","date_gmt":"2024-01-25T18:21:08","guid":{"rendered":"https:\/\/www.dor.hu\/?page_id=6109"},"modified":"2026-03-05T11:29:41","modified_gmt":"2026-03-05T11:29:41","slug":"madarinfluenza","status":"publish","type":"page","link":"http:\/\/www.dor.hu\/?page_id=6109","title":{"rendered":"Mad\u00e1rinfluenza"},"content":{"rendered":"<p>[et_pb_section fb_built=&#8221;1&#8243; _builder_version=&#8221;4.21.0&#8243; _module_preset=&#8221;default&#8221; background_image=&#8221;http:\/\/www.dor.hu\/wp-content\/uploads\/2023\/07\/Cimer5.png&#8221; background_size=&#8221;contain&#8221; min_height=&#8221;1000px&#8221; global_colors_info=&#8221;{}&#8221;][et_pb_row _builder_version=&#8221;4.24.0&#8243; _module_preset=&#8221;default&#8221; global_colors_info=&#8221;{}&#8221;][et_pb_column type=&#8221;4_4&#8243; _builder_version=&#8221;4.21.0&#8243; _module_preset=&#8221;default&#8221; global_colors_info=&#8221;{}&#8221;][et_pb_text admin_label=&#8221;Sz\u00f6veg&#8221; _builder_version=&#8221;4.27.5&#8243; _module_preset=&#8221;default&#8221; text_font=&#8221;Adamina||||on|||#0C71C3|&#8221; text_text_color=&#8221;#331584&#8243; text_font_size=&#8221;40px&#8221; header_font=&#8221;Times New Roman||||||||&#8221; text_orientation=&#8221;center&#8221; global_colors_info=&#8221;{}&#8221;]<\/p>\n<h1><em>Ingatlan\u00e1rver\u00e9si hirdetm\u00e9nyek<\/em><\/h1>\n<p>[\/et_pb_text][et_pb_text _builder_version=&#8221;4.27.5&#8243; _module_preset=&#8221;default&#8221; text_font=&#8221;Adamina||on||on|||#0C71C3|&#8221; text_text_color=&#8221;#0C71C3&#8243; text_font_size=&#8221;40px&#8221; header_font=&#8221;Times New Roman||||||||&#8221; text_orientation=&#8221;center&#8221; hover_enabled=&#8221;0&#8243; global_colors_info=&#8221;{}&#8221; sticky_enabled=&#8221;0&#8243;]<\/p>\n<h2><a href=\"https:\/\/www.dor.hu\/wp-content\/uploads\/2026\/03\/ingatlanarveresi-hird.-Dor-75.pdf\" target=\"_blank\" rel=\"noopener\">Hirdetm\u00e9ny let\u00f6lt\u00e9se<\/a><\/h2>\n<p>&nbsp;<\/p>\n<p>&nbsp;<\/p>\n<p>[\/et_pb_text][\/et_pb_column][\/et_pb_row][\/et_pb_section]<\/p>\n","protected":false},"excerpt":{"rendered":"<p>Ingatlan\u00e1rver\u00e9si hirdetm\u00e9nyekHirdetm\u00e9ny let\u00f6lt\u00e9se &nbsp; &nbsp;<\/p>\n","protected":false},"author":1,"featured_media":0,"parent":0,"menu_order":0,"comment_status":"closed","ping_status":"closed","template":"","meta":{"_et_pb_use_builder":"on","_et_pb_old_content":"","_et_gb_content_width":"","footnotes":""},"class_list":["post-6109","page","type-page","status-publish","hentry"],"yoast_head":"<!-- This site is optimized with the Yoast SEO plugin v26.8 - https:\/\/yoast.com\/product\/yoast-seo-wordpress\/ -->\n<title>Mad\u00e1rinfluenza - D\u00f6r<\/title>\n<meta name=\"robots\" content=\"index, follow, max-snippet:-1, max-image-preview:large, max-video-preview:-1\" \/>\n<link rel=\"canonical\" href=\"http:\/\/www.dor.hu\/?page_id=6109\" \/>\n<meta property=\"og:locale\" content=\"hu_HU\" \/>\n<meta property=\"og:type\" content=\"article\" \/>\n<meta property=\"og:title\" content=\"Mad\u00e1rinfluenza - D\u00f6r\" \/>\n<meta property=\"og:description\" content=\"Ingatlan\u00e1rver\u00e9si hirdetm\u00e9nyekHirdetm\u00e9ny let\u00f6lt\u00e9se &nbsp; &nbsp;\" \/>\n<meta property=\"og:url\" content=\"http:\/\/www.dor.hu\/?page_id=6109\" \/>\n<meta property=\"og:site_name\" content=\"D\u00f6r\" \/>\n<meta property=\"article:modified_time\" content=\"2026-03-05T11:29:41+00:00\" \/>\n<meta name=\"twitter:card\" content=\"summary_large_image\" \/>\n<meta name=\"twitter:label1\" content=\"Becs\u00fclt olvas\u00e1si id\u0151\" \/>\n\t<meta name=\"twitter:data1\" content=\"1 perc\" \/>\n<script type=\"application\/ld+json\" class=\"yoast-schema-graph\">{\"@context\":\"https:\/\/schema.org\",\"@graph\":[{\"@type\":\"WebPage\",\"@id\":\"http:\/\/www.dor.hu\/?page_id=6109\",\"url\":\"http:\/\/www.dor.hu\/?page_id=6109\",\"name\":\"Mad\u00e1rinfluenza - D\u00f6r\",\"isPartOf\":{\"@id\":\"http:\/\/www.dor.hu\/#website\"},\"datePublished\":\"2024-01-25T18:21:08+00:00\",\"dateModified\":\"2026-03-05T11:29:41+00:00\",\"breadcrumb\":{\"@id\":\"http:\/\/www.dor.hu\/?page_id=6109#breadcrumb\"},\"inLanguage\":\"hu\",\"potentialAction\":[{\"@type\":\"ReadAction\",\"target\":[\"http:\/\/www.dor.hu\/?page_id=6109\"]}]},{\"@type\":\"BreadcrumbList\",\"@id\":\"http:\/\/www.dor.hu\/?page_id=6109#breadcrumb\",\"itemListElement\":[{\"@type\":\"ListItem\",\"position\":1,\"name\":\"Kezd\u0151lap\",\"item\":\"http:\/\/www.dor.hu\/\"},{\"@type\":\"ListItem\",\"position\":2,\"name\":\"Mad\u00e1rinfluenza\"}]},{\"@type\":\"WebSite\",\"@id\":\"http:\/\/www.dor.hu\/#website\",\"url\":\"http:\/\/www.dor.hu\/\",\"name\":\"D\u00f6r\",\"description\":\"D\u00f6r K\u00f6zs\u00e9gi \u00d6nkorm\u00e1nyzat\",\"potentialAction\":[{\"@type\":\"SearchAction\",\"target\":{\"@type\":\"EntryPoint\",\"urlTemplate\":\"http:\/\/www.dor.hu\/?s={search_term_string}\"},\"query-input\":{\"@type\":\"PropertyValueSpecification\",\"valueRequired\":true,\"valueName\":\"search_term_string\"}}],\"inLanguage\":\"hu\"}]}<\/script>\n<!-- \/ Yoast SEO plugin. -->","yoast_head_json":{"title":"Mad\u00e1rinfluenza - D\u00f6r","robots":{"index":"index","follow":"follow","max-snippet":"max-snippet:-1","max-image-preview":"max-image-preview:large","max-video-preview":"max-video-preview:-1"},"canonical":"http:\/\/www.dor.hu\/?page_id=6109","og_locale":"hu_HU","og_type":"article","og_title":"Mad\u00e1rinfluenza - D\u00f6r","og_description":"Ingatlan\u00e1rver\u00e9si hirdetm\u00e9nyekHirdetm\u00e9ny let\u00f6lt\u00e9se &nbsp; &nbsp;","og_url":"http:\/\/www.dor.hu\/?page_id=6109","og_site_name":"D\u00f6r","article_modified_time":"2026-03-05T11:29:41+00:00","twitter_card":"summary_large_image","twitter_misc":{"Becs\u00fclt olvas\u00e1si id\u0151":"1 perc"},"schema":{"@context":"https:\/\/schema.org","@graph":[{"@type":"WebPage","@id":"http:\/\/www.dor.hu\/?page_id=6109","url":"http:\/\/www.dor.hu\/?page_id=6109","name":"Mad\u00e1rinfluenza - D\u00f6r","isPartOf":{"@id":"http:\/\/www.dor.hu\/#website"},"datePublished":"2024-01-25T18:21:08+00:00","dateModified":"2026-03-05T11:29:41+00:00","breadcrumb":{"@id":"http:\/\/www.dor.hu\/?page_id=6109#breadcrumb"},"inLanguage":"hu","potentialAction":[{"@type":"ReadAction","target":["http:\/\/www.dor.hu\/?page_id=6109"]}]},{"@type":"BreadcrumbList","@id":"http:\/\/www.dor.hu\/?page_id=6109#breadcrumb","itemListElement":[{"@type":"ListItem","position":1,"name":"Kezd\u0151lap","item":"http:\/\/www.dor.hu\/"},{"@type":"ListItem","position":2,"name":"Mad\u00e1rinfluenza"}]},{"@type":"WebSite","@id":"http:\/\/www.dor.hu\/#website","url":"http:\/\/www.dor.hu\/","name":"D\u00f6r","description":"D\u00f6r K\u00f6zs\u00e9gi \u00d6nkorm\u00e1nyzat","potentialAction":[{"@type":"SearchAction","target":{"@type":"EntryPoint","urlTemplate":"http:\/\/www.dor.hu\/?s={search_term_string}"},"query-input":{"@type":"PropertyValueSpecification","valueRequired":true,"valueName":"search_term_string"}}],"inLanguage":"hu"}]}},"_links":{"self":[{"href":"http:\/\/www.dor.hu\/index.php?rest_route=\/wp\/v2\/pages\/6109","targetHints":{"allow":["GET"]}}],"collection":[{"href":"http:\/\/www.dor.hu\/index.php?rest_route=\/wp\/v2\/pages"}],"about":[{"href":"http:\/\/www.dor.hu\/index.php?rest_route=\/wp\/v2\/types\/page"}],"author":[{"embeddable":true,"href":"http:\/\/www.dor.hu\/index.php?rest_route=\/wp\/v2\/users\/1"}],"replies":[{"embeddable":true,"href":"http:\/\/www.dor.hu\/index.php?rest_route=%2Fwp%2Fv2%2Fcomments&post=6109"}],"version-history":[{"count":18,"href":"http:\/\/www.dor.hu\/index.php?rest_route=\/wp\/v2\/pages\/6109\/revisions"}],"predecessor-version":[{"id":7420,"href":"http:\/\/www.dor.hu\/index.php?rest_route=\/wp\/v2\/pages\/6109\/revisions\/7420"}],"wp:attachment":[{"href":"http:\/\/www.dor.hu\/index.php?rest_route=%2Fwp%2Fv2%2Fmedia&parent=6109"}],"curies":[{"name":"wp","href":"https:\/\/api.w.org\/{rel}","templated":true}]}}