{"id":6516,"date":"2024-09-12T12:08:29","date_gmt":"2024-09-12T12:08:29","guid":{"rendered":"https:\/\/www.dor.hu\/?page_id=6516"},"modified":"2024-09-12T12:20:56","modified_gmt":"2024-09-12T12:20:56","slug":"arveresi-hirdetmeny","status":"publish","type":"page","link":"http:\/\/www.dor.hu\/?page_id=6516","title":{"rendered":"\u00c1rver\u00e9si hirdetm\u00e9ny"},"content":{"rendered":"","protected":false},"excerpt":{"rendered":"","protected":false},"author":1,"featured_media":0,"parent":5457,"menu_order":0,"comment_status":"closed","ping_status":"closed","template":"","meta":{"_et_pb_use_builder":"","_et_pb_old_content":"","_et_gb_content_width":"","footnotes":""},"class_list":["post-6516","page","type-page","status-publish","hentry"],"yoast_head":"<!-- This site is optimized with the Yoast SEO plugin v26.8 - https:\/\/yoast.com\/product\/yoast-seo-wordpress\/ -->\n<title>\u00c1rver\u00e9si hirdetm\u00e9ny - D\u00f6r<\/title>\n<meta name=\"robots\" content=\"index, follow, max-snippet:-1, max-image-preview:large, max-video-preview:-1\" \/>\n<link rel=\"canonical\" href=\"https:\/\/www.dor.hu\/?page_id=6516\" \/>\n<meta property=\"og:locale\" content=\"hu_HU\" \/>\n<meta property=\"og:type\" content=\"article\" \/>\n<meta property=\"og:title\" content=\"\u00c1rver\u00e9si hirdetm\u00e9ny - D\u00f6r\" \/>\n<meta property=\"og:url\" content=\"https:\/\/www.dor.hu\/?page_id=6516\" \/>\n<meta property=\"og:site_name\" content=\"D\u00f6r\" \/>\n<meta property=\"article:modified_time\" content=\"2024-09-12T12:20:56+00:00\" \/>\n<meta name=\"twitter:card\" content=\"summary_large_image\" \/>\n<script type=\"application\/ld+json\" class=\"yoast-schema-graph\">{\"@context\":\"https:\/\/schema.org\",\"@graph\":[{\"@type\":\"WebPage\",\"@id\":\"https:\/\/www.dor.hu\/?page_id=6516\",\"url\":\"https:\/\/www.dor.hu\/?page_id=6516\",\"name\":\"\u00c1rver\u00e9si hirdetm\u00e9ny - D\u00f6r\",\"isPartOf\":{\"@id\":\"https:\/\/www.dor.hu\/#website\"},\"datePublished\":\"2024-09-12T12:08:29+00:00\",\"dateModified\":\"2024-09-12T12:20:56+00:00\",\"breadcrumb\":{\"@id\":\"https:\/\/www.dor.hu\/?page_id=6516#breadcrumb\"},\"inLanguage\":\"hu\",\"potentialAction\":[{\"@type\":\"ReadAction\",\"target\":[\"https:\/\/www.dor.hu\/?page_id=6516\"]}]},{\"@type\":\"BreadcrumbList\",\"@id\":\"https:\/\/www.dor.hu\/?page_id=6516#breadcrumb\",\"itemListElement\":[{\"@type\":\"ListItem\",\"position\":1,\"name\":\"Kezd\u0151lap\",\"item\":\"https:\/\/www.dor.hu\/\"},{\"@type\":\"ListItem\",\"position\":2,\"name\":\"\u00d6nkorm\u00e1nyzat\",\"item\":\"https:\/\/www.dor.hu\/?page_id=5457\"},{\"@type\":\"ListItem\",\"position\":3,\"name\":\"\u00c1rver\u00e9si hirdetm\u00e9ny\"}]},{\"@type\":\"WebSite\",\"@id\":\"https:\/\/www.dor.hu\/#website\",\"url\":\"https:\/\/www.dor.hu\/\",\"name\":\"D\u00f6r\",\"description\":\"D\u00f6r K\u00f6zs\u00e9gi \u00d6nkorm\u00e1nyzat\",\"potentialAction\":[{\"@type\":\"SearchAction\",\"target\":{\"@type\":\"EntryPoint\",\"urlTemplate\":\"https:\/\/www.dor.hu\/?s={search_term_string}\"},\"query-input\":{\"@type\":\"PropertyValueSpecification\",\"valueRequired\":true,\"valueName\":\"search_term_string\"}}],\"inLanguage\":\"hu\"}]}<\/script>\n<!-- \/ Yoast SEO plugin. -->","yoast_head_json":{"title":"\u00c1rver\u00e9si hirdetm\u00e9ny - D\u00f6r","robots":{"index":"index","follow":"follow","max-snippet":"max-snippet:-1","max-image-preview":"max-image-preview:large","max-video-preview":"max-video-preview:-1"},"canonical":"https:\/\/www.dor.hu\/?page_id=6516","og_locale":"hu_HU","og_type":"article","og_title":"\u00c1rver\u00e9si hirdetm\u00e9ny - D\u00f6r","og_url":"https:\/\/www.dor.hu\/?page_id=6516","og_site_name":"D\u00f6r","article_modified_time":"2024-09-12T12:20:56+00:00","twitter_card":"summary_large_image","schema":{"@context":"https:\/\/schema.org","@graph":[{"@type":"WebPage","@id":"https:\/\/www.dor.hu\/?page_id=6516","url":"https:\/\/www.dor.hu\/?page_id=6516","name":"\u00c1rver\u00e9si hirdetm\u00e9ny - D\u00f6r","isPartOf":{"@id":"https:\/\/www.dor.hu\/#website"},"datePublished":"2024-09-12T12:08:29+00:00","dateModified":"2024-09-12T12:20:56+00:00","breadcrumb":{"@id":"https:\/\/www.dor.hu\/?page_id=6516#breadcrumb"},"inLanguage":"hu","potentialAction":[{"@type":"ReadAction","target":["https:\/\/www.dor.hu\/?page_id=6516"]}]},{"@type":"BreadcrumbList","@id":"https:\/\/www.dor.hu\/?page_id=6516#breadcrumb","itemListElement":[{"@type":"ListItem","position":1,"name":"Kezd\u0151lap","item":"https:\/\/www.dor.hu\/"},{"@type":"ListItem","position":2,"name":"\u00d6nkorm\u00e1nyzat","item":"https:\/\/www.dor.hu\/?page_id=5457"},{"@type":"ListItem","position":3,"name":"\u00c1rver\u00e9si hirdetm\u00e9ny"}]},{"@type":"WebSite","@id":"https:\/\/www.dor.hu\/#website","url":"https:\/\/www.dor.hu\/","name":"D\u00f6r","description":"D\u00f6r K\u00f6zs\u00e9gi \u00d6nkorm\u00e1nyzat","potentialAction":[{"@type":"SearchAction","target":{"@type":"EntryPoint","urlTemplate":"https:\/\/www.dor.hu\/?s={search_term_string}"},"query-input":{"@type":"PropertyValueSpecification","valueRequired":true,"valueName":"search_term_string"}}],"inLanguage":"hu"}]}},"_links":{"self":[{"href":"http:\/\/www.dor.hu\/index.php?rest_route=\/wp\/v2\/pages\/6516","targetHints":{"allow":["GET"]}}],"collection":[{"href":"http:\/\/www.dor.hu\/index.php?rest_route=\/wp\/v2\/pages"}],"about":[{"href":"http:\/\/www.dor.hu\/index.php?rest_route=\/wp\/v2\/types\/page"}],"author":[{"embeddable":true,"href":"http:\/\/www.dor.hu\/index.php?rest_route=\/wp\/v2\/users\/1"}],"replies":[{"embeddable":true,"href":"http:\/\/www.dor.hu\/index.php?rest_route=%2Fwp%2Fv2%2Fcomments&post=6516"}],"version-history":[{"count":1,"href":"http:\/\/www.dor.hu\/index.php?rest_route=\/wp\/v2\/pages\/6516\/revisions"}],"predecessor-version":[{"id":6517,"href":"http:\/\/www.dor.hu\/index.php?rest_route=\/wp\/v2\/pages\/6516\/revisions\/6517"}],"up":[{"embeddable":true,"href":"http:\/\/www.dor.hu\/index.php?rest_route=\/wp\/v2\/pages\/5457"}],"wp:attachment":[{"href":"http:\/\/www.dor.hu\/index.php?rest_route=%2Fwp%2Fv2%2Fmedia&parent=6516"}],"curies":[{"name":"wp","href":"https:\/\/api.w.org\/{rel}","templated":true}]}}