{"id":5440,"date":"2023-07-17T08:22:47","date_gmt":"2023-07-17T08:22:47","guid":{"rendered":"http:\/\/www.dor.hu\/?page_id=5440"},"modified":"2023-10-07T16:37:23","modified_gmt":"2023-10-07T16:37:23","slug":"latnivalok","status":"publish","type":"page","link":"https:\/\/www.dor.hu\/?page_id=5440","title":{"rendered":"L\u00e1tnival\u00f3k"},"content":{"rendered":"<p>[et_pb_section fb_built=&#8221;1&#8243; _builder_version=&#8221;4.21.0&#8243; _module_preset=&#8221;default&#8221; background_image=&#8221;http:\/\/www.dor.hu\/wp-content\/uploads\/2023\/07\/Cimer5.png&#8221; background_size=&#8221;contain&#8221; min_height=&#8221;1000px&#8221; global_colors_info=&#8221;{}&#8221;][et_pb_row _builder_version=&#8221;4.21.0&#8243; _module_preset=&#8221;default&#8221; global_colors_info=&#8221;{}&#8221;][et_pb_column type=&#8221;4_4&#8243; _builder_version=&#8221;4.21.0&#8243; _module_preset=&#8221;default&#8221; global_colors_info=&#8221;{}&#8221;][et_pb_text _builder_version=&#8221;4.21.0&#8243; _module_preset=&#8221;default&#8221; text_font=&#8221;Adamina||||||||&#8221; text_text_color=&#8221;#331584&#8243; text_font_size=&#8221;40px&#8221; text_orientation=&#8221;center&#8221; global_colors_info=&#8221;{}&#8221; header_font=&#8221;Times New Roman||||||||&#8221;]<\/p>\n<p>L\u00e1tnival\u00f3k<\/p>\n<p>[\/et_pb_text][\/et_pb_column][\/et_pb_row][et_pb_row _builder_version=&#8221;4.21.0&#8243; _module_preset=&#8221;default&#8221; global_colors_info=&#8221;{}&#8221;][et_pb_column type=&#8221;4_4&#8243; _builder_version=&#8221;4.21.0&#8243; _module_preset=&#8221;default&#8221; global_colors_info=&#8221;{}&#8221;][et_pb_text _builder_version=&#8221;4.21.0&#8243; _module_preset=&#8221;default&#8221; text_font_size=&#8221;20px&#8221; global_colors_info=&#8221;{}&#8221;]<\/p>\n<p><strong>T\u00e1jh\u00e1z: <\/strong><\/p>\n<p>\u201eMagas f\u00e1k t\u00f6v\u00e9ben pici h\u00e1z, mely \u0151rzi d\u00e9dany\u00e1ink keze nyom\u00e1t: a kemenc\u00e9ben s\u00fclt keny\u00e9r illat\u00e1t, a feh\u00e9rre meszelt tisztaszoba hangulat\u00e1t.<\/p>\n<p>D\u00e9dap\u00e1ink l\u00e1bnyom\u00e1t, a katonal\u00e1da neh\u00e9z s\u00faly\u00e1t, b\u0151rcsizm\u00e1k poros illat\u00e1t. Mert ott vannak \u0150k a kerekes k\u00fat h\u0171s viz\u00e9ben, vir\u00e1gokban \u00e9s a sz\u00edv\u00fcnkben.\u201d<\/p>\n<p style=\"text-align: right;\">(Szalay B\u00e9la: Otthonunk D\u00f6r, 1994, 7. oldal)<\/p>\n<p>[\/et_pb_text][et_pb_gallery gallery_ids=&#8221;5533,5536,5535,5534,5531,5530,5529,5528,5527,5526,5525,5524,5523&#8243; show_title_and_caption=&#8221;off&#8221; show_pagination=&#8221;off&#8221; _builder_version=&#8221;4.21.0&#8243; _module_preset=&#8221;default&#8221; global_colors_info=&#8221;{}&#8221;][\/et_pb_gallery][et_pb_divider _builder_version=&#8221;4.21.0&#8243; _module_preset=&#8221;default&#8221; global_colors_info=&#8221;{}&#8221;][\/et_pb_divider][et_pb_text _builder_version=&#8221;4.21.0&#8243; _module_preset=&#8221;default&#8221; text_font_size=&#8221;20px&#8221; global_colors_info=&#8221;{}&#8221;]<\/p>\n<p><strong>Kisboldogasszony- pl\u00e9b\u00e1niatemplom:<\/strong><\/p>\n<p>[\/et_pb_text][et_pb_gallery gallery_ids=&#8221;5681,5682,5683,5684,5685&#8243; show_title_and_caption=&#8221;off&#8221; show_pagination=&#8221;off&#8221; _builder_version=&#8221;4.21.0&#8243; _module_preset=&#8221;default&#8221; global_colors_info=&#8221;{}&#8221;][\/et_pb_gallery][et_pb_divider _builder_version=&#8221;4.21.0&#8243; _module_preset=&#8221;default&#8221; global_colors_info=&#8221;{}&#8221;][\/et_pb_divider][et_pb_text _builder_version=&#8221;4.21.0&#8243; _module_preset=&#8221;default&#8221; text_font_size=&#8221;20px&#8221; global_colors_info=&#8221;{}&#8221;]<\/p>\n<p><strong>Keresztek, szobrok:<\/strong><\/p>\n<p>[\/et_pb_text][et_pb_gallery gallery_ids=&#8221;5687,5688,5689,5690,5691,5692,5693,5682&#8243; show_title_and_caption=&#8221;off&#8221; show_pagination=&#8221;off&#8221; _builder_version=&#8221;4.21.0&#8243; _module_preset=&#8221;default&#8221; global_colors_info=&#8221;{}&#8221;][\/et_pb_gallery][et_pb_divider _builder_version=&#8221;4.21.0&#8243; _module_preset=&#8221;default&#8221; global_colors_info=&#8221;{}&#8221;][\/et_pb_divider][et_pb_text _builder_version=&#8221;4.21.0&#8243; _module_preset=&#8221;default&#8221; text_font_size=&#8221;20px&#8221; global_colors_info=&#8221;{}&#8221;]<\/p>\n<p><strong>Verem t\u00f3:<\/strong><\/p>\n<p>[\/et_pb_text][et_pb_gallery gallery_ids=&#8221;5696,5695,5697,5694&#8243; show_title_and_caption=&#8221;off&#8221; show_pagination=&#8221;off&#8221; _builder_version=&#8221;4.21.0&#8243; _module_preset=&#8221;default&#8221; global_colors_info=&#8221;{}&#8221;][\/et_pb_gallery][et_pb_divider _builder_version=&#8221;4.21.0&#8243; _module_preset=&#8221;default&#8221; global_colors_info=&#8221;{}&#8221;][\/et_pb_divider][\/et_pb_column][\/et_pb_row][\/et_pb_section]<\/p>\n","protected":false},"excerpt":{"rendered":"<p>L\u00e1tnival\u00f3kT\u00e1jh\u00e1z: \u201eMagas f\u00e1k t\u00f6v\u00e9ben pici h\u00e1z, mely \u0151rzi d\u00e9dany\u00e1ink keze nyom\u00e1t: a kemenc\u00e9ben s\u00fclt keny\u00e9r illat\u00e1t, a feh\u00e9rre meszelt tisztaszoba hangulat\u00e1t. D\u00e9dap\u00e1ink l\u00e1bnyom\u00e1t, a katonal\u00e1da neh\u00e9z s\u00faly\u00e1t, b\u0151rcsizm\u00e1k poros illat\u00e1t. Mert ott vannak \u0150k a kerekes k\u00fat h\u0171s viz\u00e9ben, vir\u00e1gokban \u00e9s a sz\u00edv\u00fcnkben.\u201d (Szalay B\u00e9la: Otthonunk D\u00f6r, 1994, 7. oldal)Kisboldogasszony- pl\u00e9b\u00e1niatemplom:Keresztek, szobrok:Verem t\u00f3:<\/p>\n","protected":false},"author":1,"featured_media":0,"parent":0,"menu_order":0,"comment_status":"closed","ping_status":"closed","template":"","meta":{"_et_pb_use_builder":"on","_et_pb_old_content":"","_et_gb_content_width":"","footnotes":""},"class_list":["post-5440","page","type-page","status-publish","hentry"],"yoast_head":"<!-- This site is optimized with the Yoast SEO plugin v26.8 - https:\/\/yoast.com\/product\/yoast-seo-wordpress\/ -->\n<title>L\u00e1tnival\u00f3k - D\u00f6r<\/title>\n<meta name=\"robots\" content=\"index, follow, max-snippet:-1, max-image-preview:large, max-video-preview:-1\" \/>\n<link rel=\"canonical\" href=\"https:\/\/www.dor.hu\/?page_id=5440\" \/>\n<meta property=\"og:locale\" content=\"hu_HU\" \/>\n<meta property=\"og:type\" content=\"article\" \/>\n<meta property=\"og:title\" content=\"L\u00e1tnival\u00f3k - D\u00f6r\" \/>\n<meta property=\"og:description\" content=\"L\u00e1tnival\u00f3kT\u00e1jh\u00e1z: \u201eMagas f\u00e1k t\u00f6v\u00e9ben pici h\u00e1z, mely \u0151rzi d\u00e9dany\u00e1ink keze nyom\u00e1t: a kemenc\u00e9ben s\u00fclt keny\u00e9r illat\u00e1t, a feh\u00e9rre meszelt tisztaszoba hangulat\u00e1t. D\u00e9dap\u00e1ink l\u00e1bnyom\u00e1t, a katonal\u00e1da neh\u00e9z s\u00faly\u00e1t, b\u0151rcsizm\u00e1k poros illat\u00e1t. Mert ott vannak \u0150k a kerekes k\u00fat h\u0171s viz\u00e9ben, vir\u00e1gokban \u00e9s a sz\u00edv\u00fcnkben.\u201d (Szalay B\u00e9la: Otthonunk D\u00f6r, 1994, 7. oldal)Kisboldogasszony- pl\u00e9b\u00e1niatemplom:Keresztek, szobrok:Verem t\u00f3:\" \/>\n<meta property=\"og:url\" content=\"https:\/\/www.dor.hu\/?page_id=5440\" \/>\n<meta property=\"og:site_name\" content=\"D\u00f6r\" \/>\n<meta property=\"article:modified_time\" content=\"2023-10-07T16:37:23+00:00\" \/>\n<meta name=\"twitter:card\" content=\"summary_large_image\" \/>\n<script type=\"application\/ld+json\" class=\"yoast-schema-graph\">{\"@context\":\"https:\/\/schema.org\",\"@graph\":[{\"@type\":\"WebPage\",\"@id\":\"https:\/\/www.dor.hu\/?page_id=5440\",\"url\":\"https:\/\/www.dor.hu\/?page_id=5440\",\"name\":\"L\u00e1tnival\u00f3k - D\u00f6r\",\"isPartOf\":{\"@id\":\"http:\/\/www.dor.hu\/#website\"},\"datePublished\":\"2023-07-17T08:22:47+00:00\",\"dateModified\":\"2023-10-07T16:37:23+00:00\",\"breadcrumb\":{\"@id\":\"https:\/\/www.dor.hu\/?page_id=5440#breadcrumb\"},\"inLanguage\":\"hu\",\"potentialAction\":[{\"@type\":\"ReadAction\",\"target\":[\"https:\/\/www.dor.hu\/?page_id=5440\"]}]},{\"@type\":\"BreadcrumbList\",\"@id\":\"https:\/\/www.dor.hu\/?page_id=5440#breadcrumb\",\"itemListElement\":[{\"@type\":\"ListItem\",\"position\":1,\"name\":\"Kezd\u0151lap\",\"item\":\"http:\/\/www.dor.hu\/\"},{\"@type\":\"ListItem\",\"position\":2,\"name\":\"L\u00e1tnival\u00f3k\"}]},{\"@type\":\"WebSite\",\"@id\":\"http:\/\/www.dor.hu\/#website\",\"url\":\"http:\/\/www.dor.hu\/\",\"name\":\"D\u00f6r\",\"description\":\"D\u00f6r K\u00f6zs\u00e9gi \u00d6nkorm\u00e1nyzat\",\"potentialAction\":[{\"@type\":\"SearchAction\",\"target\":{\"@type\":\"EntryPoint\",\"urlTemplate\":\"http:\/\/www.dor.hu\/?s={search_term_string}\"},\"query-input\":{\"@type\":\"PropertyValueSpecification\",\"valueRequired\":true,\"valueName\":\"search_term_string\"}}],\"inLanguage\":\"hu\"}]}<\/script>\n<!-- \/ Yoast SEO plugin. -->","yoast_head_json":{"title":"L\u00e1tnival\u00f3k - D\u00f6r","robots":{"index":"index","follow":"follow","max-snippet":"max-snippet:-1","max-image-preview":"max-image-preview:large","max-video-preview":"max-video-preview:-1"},"canonical":"https:\/\/www.dor.hu\/?page_id=5440","og_locale":"hu_HU","og_type":"article","og_title":"L\u00e1tnival\u00f3k - D\u00f6r","og_description":"L\u00e1tnival\u00f3kT\u00e1jh\u00e1z: \u201eMagas f\u00e1k t\u00f6v\u00e9ben pici h\u00e1z, mely \u0151rzi d\u00e9dany\u00e1ink keze nyom\u00e1t: a kemenc\u00e9ben s\u00fclt keny\u00e9r illat\u00e1t, a feh\u00e9rre meszelt tisztaszoba hangulat\u00e1t. D\u00e9dap\u00e1ink l\u00e1bnyom\u00e1t, a katonal\u00e1da neh\u00e9z s\u00faly\u00e1t, b\u0151rcsizm\u00e1k poros illat\u00e1t. Mert ott vannak \u0150k a kerekes k\u00fat h\u0171s viz\u00e9ben, vir\u00e1gokban \u00e9s a sz\u00edv\u00fcnkben.\u201d (Szalay B\u00e9la: Otthonunk D\u00f6r, 1994, 7. oldal)Kisboldogasszony- pl\u00e9b\u00e1niatemplom:Keresztek, szobrok:Verem t\u00f3:","og_url":"https:\/\/www.dor.hu\/?page_id=5440","og_site_name":"D\u00f6r","article_modified_time":"2023-10-07T16:37:23+00:00","twitter_card":"summary_large_image","schema":{"@context":"https:\/\/schema.org","@graph":[{"@type":"WebPage","@id":"https:\/\/www.dor.hu\/?page_id=5440","url":"https:\/\/www.dor.hu\/?page_id=5440","name":"L\u00e1tnival\u00f3k - D\u00f6r","isPartOf":{"@id":"http:\/\/www.dor.hu\/#website"},"datePublished":"2023-07-17T08:22:47+00:00","dateModified":"2023-10-07T16:37:23+00:00","breadcrumb":{"@id":"https:\/\/www.dor.hu\/?page_id=5440#breadcrumb"},"inLanguage":"hu","potentialAction":[{"@type":"ReadAction","target":["https:\/\/www.dor.hu\/?page_id=5440"]}]},{"@type":"BreadcrumbList","@id":"https:\/\/www.dor.hu\/?page_id=5440#breadcrumb","itemListElement":[{"@type":"ListItem","position":1,"name":"Kezd\u0151lap","item":"http:\/\/www.dor.hu\/"},{"@type":"ListItem","position":2,"name":"L\u00e1tnival\u00f3k"}]},{"@type":"WebSite","@id":"http:\/\/www.dor.hu\/#website","url":"http:\/\/www.dor.hu\/","name":"D\u00f6r","description":"D\u00f6r K\u00f6zs\u00e9gi \u00d6nkorm\u00e1nyzat","potentialAction":[{"@type":"SearchAction","target":{"@type":"EntryPoint","urlTemplate":"http:\/\/www.dor.hu\/?s={search_term_string}"},"query-input":{"@type":"PropertyValueSpecification","valueRequired":true,"valueName":"search_term_string"}}],"inLanguage":"hu"}]}},"_links":{"self":[{"href":"https:\/\/www.dor.hu\/index.php?rest_route=\/wp\/v2\/pages\/5440","targetHints":{"allow":["GET"]}}],"collection":[{"href":"https:\/\/www.dor.hu\/index.php?rest_route=\/wp\/v2\/pages"}],"about":[{"href":"https:\/\/www.dor.hu\/index.php?rest_route=\/wp\/v2\/types\/page"}],"author":[{"embeddable":true,"href":"https:\/\/www.dor.hu\/index.php?rest_route=\/wp\/v2\/users\/1"}],"replies":[{"embeddable":true,"href":"https:\/\/www.dor.hu\/index.php?rest_route=%2Fwp%2Fv2%2Fcomments&post=5440"}],"version-history":[{"count":8,"href":"https:\/\/www.dor.hu\/index.php?rest_route=\/wp\/v2\/pages\/5440\/revisions"}],"predecessor-version":[{"id":5996,"href":"https:\/\/www.dor.hu\/index.php?rest_route=\/wp\/v2\/pages\/5440\/revisions\/5996"}],"wp:attachment":[{"href":"https:\/\/www.dor.hu\/index.php?rest_route=%2Fwp%2Fv2%2Fmedia&parent=5440"}],"curies":[{"name":"wp","href":"https:\/\/api.w.org\/{rel}","templated":true}]}}