{"id":5453,"date":"2023-07-17T08:31:57","date_gmt":"2023-07-17T08:31:57","guid":{"rendered":"http:\/\/www.dor.hu\/?page_id=5453"},"modified":"2026-01-31T15:01:09","modified_gmt":"2026-01-31T15:01:09","slug":"kapcsolat","status":"publish","type":"page","link":"https:\/\/www.dor.hu\/?page_id=5453","title":{"rendered":"Kapcsolat"},"content":{"rendered":"<p>[et_pb_section fb_built=&#8221;1&#8243; _builder_version=&#8221;4.21.0&#8243; _module_preset=&#8221;default&#8221; background_enable_image=&#8221;off&#8221; background_size=&#8221;contain&#8221; min_height=&#8221;1000px&#8221; global_colors_info=&#8221;{}&#8221;][et_pb_row _builder_version=&#8221;4.21.0&#8243; _module_preset=&#8221;default&#8221; global_colors_info=&#8221;{}&#8221;][et_pb_column type=&#8221;4_4&#8243; _builder_version=&#8221;4.21.0&#8243; _module_preset=&#8221;default&#8221; global_colors_info=&#8221;{}&#8221;][et_pb_text _builder_version=&#8221;4.21.0&#8243; _module_preset=&#8221;default&#8221; text_font=&#8221;Adamina||||||||&#8221; text_text_color=&#8221;#331584&#8243; text_font_size=&#8221;40px&#8221; header_font=&#8221;Times New Roman||||||||&#8221; text_orientation=&#8221;center&#8221; global_colors_info=&#8221;{}&#8221;]<\/p>\n<p>Kapcsolat<\/p>\n<p>[\/et_pb_text][\/et_pb_column][\/et_pb_row][et_pb_row _builder_version=&#8221;4.21.0&#8243; _module_preset=&#8221;default&#8221; global_colors_info=&#8221;{}&#8221;][et_pb_column type=&#8221;4_4&#8243; _builder_version=&#8221;4.21.0&#8243; _module_preset=&#8221;default&#8221; global_colors_info=&#8221;{}&#8221;][et_pb_code _builder_version=&#8221;4.27.5&#8243; _module_preset=&#8221;default&#8221; text_orientation=&#8221;center&#8221; global_colors_info=&#8221;{}&#8221;]<\/p>\n<div class=\"fb-page\" data-href=\"https:\/\/www.facebook.com\/profile.php?id=100095264976766\" data-tabs=\"timeline\" data-width=\"1500\" data-height=\"\" data-small-header=\"true\" data-adapt-container-width=\"true\" data-hide-cover=\"false\" data-show-facepile=\"true\">\n<blockquote cite=\"https:\/\/www.facebook.com\/profile.php?id=100095264976766\" class=\"fb-xfbml-parse-ignore\"><p><a href=\"https:\/\/www.facebook.com\/profile.php?id=100095264976766\">D\u00f6r K\u00f6zs\u00e9g \u00d6nkorm\u00e1nyzat<\/a><\/p><\/blockquote>\n<\/div>\n<p>[\/et_pb_code][et_pb_divider _builder_version=&#8221;4.21.0&#8243; _module_preset=&#8221;default&#8221; global_colors_info=&#8221;{}&#8221;][\/et_pb_divider][et_pb_code _builder_version=&#8221;4.21.0&#8243; _module_preset=&#8221;default&#8221; text_orientation=&#8221;center&#8221; global_colors_info=&#8221;{}&#8221;]<iframe src=\"https:\/\/www.google.com\/maps\/embed?pb=!1m14!1m12!1m3!1d5380.811258366946!2d17.29605388830752!3d47.59880512639175!2m3!1f0!2f0!3f0!3m2!1i1024!2i768!4f13.1!5e0!3m2!1shu!2shu!4v1689863256352!5m2!1shu!2shu\" width=\"800\" height=\"600\" style=\"border:0;\" allowfullscreen=\"\" loading=\"lazy\" referrerpolicy=\"no-referrer-when-downgrade\"><\/iframe>[\/et_pb_code][et_pb_divider _builder_version=&#8221;4.21.0&#8243; _module_preset=&#8221;default&#8221; global_colors_info=&#8221;{}&#8221;][\/et_pb_divider][et_pb_text _builder_version=&#8221;4.21.0&#8243; _module_preset=&#8221;default&#8221; text_text_color=&#8221;#331584&#8243; text_font_size=&#8221;26px&#8221; text_line_height=&#8221;1.8em&#8221; text_text_shadow_style=&#8221;preset1&#8243; global_colors_info=&#8221;{}&#8221;]<\/p>\n<p>&nbsp;<\/p>\n<h1>D\u00f6r K\u00f6zs\u00e9gi \u00d6nkorm\u00e1nyzat<\/h1>\n<p>[\/et_pb_text][\/et_pb_column][\/et_pb_row][et_pb_row column_structure=&#8221;1_2,1_2&#8243; _builder_version=&#8221;4.21.0&#8243; _module_preset=&#8221;default&#8221; global_colors_info=&#8221;{}&#8221;][et_pb_column type=&#8221;1_2&#8243; _builder_version=&#8221;4.21.0&#8243; _module_preset=&#8221;default&#8221; global_colors_info=&#8221;{}&#8221;][et_pb_text _builder_version=&#8221;4.21.0&#8243; _module_preset=&#8221;default&#8221; text_font=&#8221;||on||||||&#8221; text_font_size=&#8221;20px&#8221; text_line_height=&#8221;1.9em&#8221; global_colors_info=&#8221;{}&#8221;]<\/p>\n<div class=\"section with-mb\">\n<p class=\"info\">\n<p class=\"info\">9147. D\u00f6r, Pet\u0151fi u. 3.<br \/>Ad\u00f3sz\u00e1m 15728197108<br \/>Telefon: 96\/263-206<br \/>e-mail: dorhivatal@gmail.com<\/p>\n<\/div>\n<div class=\"section with-mb\">\n<p class=\"info\">\n<\/div>\n<p>[\/et_pb_text][\/et_pb_column][et_pb_column type=&#8221;1_2&#8243; _builder_version=&#8221;4.21.0&#8243; _module_preset=&#8221;default&#8221; global_colors_info=&#8221;{}&#8221;][et_pb_text _builder_version=&#8221;4.21.0&#8243; _module_preset=&#8221;default&#8221; text_font=&#8221;||on||||||&#8221; text_font_size=&#8221;20px&#8221; text_line_height=&#8221;1.9em&#8221; global_colors_info=&#8221;{}&#8221;]<\/p>\n<div class=\"section with-mb\"><\/div>\n<div class=\"section with-mb\">\n<p class=\"section-title\"><strong>\u00dcgyf\u00e9lfogad\u00e1si rend:<\/strong><\/p>\n<p class=\"info\"><span class=\"info-title\">H\u00e9tf\u0151:<\/span><span>\u00a0<\/span>8.00 &#8211; 16.00<\/p>\n<p class=\"info\"><span class=\"info-title\">Kedd:<\/span><span>\u00a0<\/span>8.00 &#8211; 16.00<\/p>\n<p class=\"info\"><span class=\"info-title\">Szerda:<\/span><span>\u00a0<\/span>8.00 &#8211; 16.00<\/p>\n<p class=\"info\"><span class=\"info-title\">Cs\u00fct\u00f6rt\u00f6k:<\/span><span>\u00a0<\/span>8.00 &#8211; 16.00<\/p>\n<p class=\"info\"><span class=\"info-title\">P\u00e9ntek:<\/span><span>\u00a0<\/span>8.00 &#8211; 12.00<\/p>\n<\/div>\n<p>[\/et_pb_text][\/et_pb_column][\/et_pb_row][et_pb_row _builder_version=&#8221;4.21.0&#8243; _module_preset=&#8221;default&#8221; global_colors_info=&#8221;{}&#8221;][et_pb_column type=&#8221;4_4&#8243; _builder_version=&#8221;4.21.0&#8243; _module_preset=&#8221;default&#8221; global_colors_info=&#8221;{}&#8221;][et_pb_divider _builder_version=&#8221;4.21.0&#8243; _module_preset=&#8221;default&#8221; global_colors_info=&#8221;{}&#8221;][\/et_pb_divider][et_pb_text _builder_version=&#8221;4.21.0&#8243; _module_preset=&#8221;default&#8221; text_font=&#8221;||on||on||||&#8221; text_text_color=&#8221;#331584&#8243; text_font_size=&#8221;47px&#8221; text_orientation=&#8221;center&#8221; global_colors_info=&#8221;{}&#8221;]<\/p>\n<p>\u00dczenetk\u00fcld\u00e9s<\/p>\n<p>[\/et_pb_text][et_pb_text _builder_version=&#8221;4.21.0&#8243; _module_preset=&#8221;default&#8221; global_colors_info=&#8221;{}&#8221;]<\/p>\n<p>Amennyiben kapcsolatba k\u00edv\u00e1n l\u00e9pni vel\u00fcnk, itt k\u00f6zvetlen\u00fcl \u00edrhat nek\u00fcnk:<\/p>\n<p>[\/et_pb_text][et_pb_contact_form email=&#8221;dorhivatal@gmail.com&#8221; _builder_version=&#8221;4.21.0&#8243; _module_preset=&#8221;default&#8221; _unique_id=&#8221;044c52df-23c4-43a9-bf5a-212682198717&#8243; border_radii=&#8221;on|16px|16px|16px|16px&#8221; global_colors_info=&#8221;{}&#8221;][et_pb_contact_field field_id=&#8221;Name&#8221; field_title=&#8221;N\u00e9v&#8221; _builder_version=&#8221;4.21.0&#8243; global_colors_info=&#8221;{}&#8221; button_text_size__hover_enabled=&#8221;off&#8221; button_one_text_size__hover_enabled=&#8221;off&#8221; button_two_text_size__hover_enabled=&#8221;off&#8221; button_text_color__hover_enabled=&#8221;off&#8221; button_one_text_color__hover_enabled=&#8221;off&#8221; button_two_text_color__hover_enabled=&#8221;off&#8221; button_border_width__hover_enabled=&#8221;off&#8221; button_one_border_width__hover_enabled=&#8221;off&#8221; button_two_border_width__hover_enabled=&#8221;off&#8221; button_border_color__hover_enabled=&#8221;off&#8221; button_one_border_color__hover_enabled=&#8221;off&#8221; button_two_border_color__hover_enabled=&#8221;off&#8221; button_border_radius__hover_enabled=&#8221;off&#8221; button_one_border_radius__hover_enabled=&#8221;off&#8221; button_two_border_radius__hover_enabled=&#8221;off&#8221; button_letter_spacing__hover_enabled=&#8221;off&#8221; button_one_letter_spacing__hover_enabled=&#8221;off&#8221; button_two_letter_spacing__hover_enabled=&#8221;off&#8221; button_bg_color__hover_enabled=&#8221;off&#8221; button_one_bg_color__hover_enabled=&#8221;off&#8221; button_two_bg_color__hover_enabled=&#8221;off&#8221;][\/et_pb_contact_field][et_pb_contact_field field_id=&#8221;Email&#8221; field_title=&#8221;Email c\u00edm&#8221; field_type=&#8221;email&#8221; _builder_version=&#8221;4.16&#8243; global_colors_info=&#8221;{}&#8221; button_text_size__hover_enabled=&#8221;off&#8221; button_one_text_size__hover_enabled=&#8221;off&#8221; button_two_text_size__hover_enabled=&#8221;off&#8221; button_text_color__hover_enabled=&#8221;off&#8221; button_one_text_color__hover_enabled=&#8221;off&#8221; button_two_text_color__hover_enabled=&#8221;off&#8221; button_border_width__hover_enabled=&#8221;off&#8221; button_one_border_width__hover_enabled=&#8221;off&#8221; button_two_border_width__hover_enabled=&#8221;off&#8221; button_border_color__hover_enabled=&#8221;off&#8221; button_one_border_color__hover_enabled=&#8221;off&#8221; button_two_border_color__hover_enabled=&#8221;off&#8221; button_border_radius__hover_enabled=&#8221;off&#8221; button_one_border_radius__hover_enabled=&#8221;off&#8221; button_two_border_radius__hover_enabled=&#8221;off&#8221; button_letter_spacing__hover_enabled=&#8221;off&#8221; button_one_letter_spacing__hover_enabled=&#8221;off&#8221; button_two_letter_spacing__hover_enabled=&#8221;off&#8221; button_bg_color__hover_enabled=&#8221;off&#8221; button_one_bg_color__hover_enabled=&#8221;off&#8221; button_two_bg_color__hover_enabled=&#8221;off&#8221;][\/et_pb_contact_field][et_pb_contact_field field_id=&#8221;Message&#8221; field_title=&#8221;\u00dczenet&#8221; field_type=&#8221;text&#8221; fullwidth_field=&#8221;on&#8221; _builder_version=&#8221;4.16&#8243; global_colors_info=&#8221;{}&#8221; button_text_size__hover_enabled=&#8221;off&#8221; button_one_text_size__hover_enabled=&#8221;off&#8221; button_two_text_size__hover_enabled=&#8221;off&#8221; button_text_color__hover_enabled=&#8221;off&#8221; button_one_text_color__hover_enabled=&#8221;off&#8221; button_two_text_color__hover_enabled=&#8221;off&#8221; button_border_width__hover_enabled=&#8221;off&#8221; button_one_border_width__hover_enabled=&#8221;off&#8221; button_two_border_width__hover_enabled=&#8221;off&#8221; button_border_color__hover_enabled=&#8221;off&#8221; button_one_border_color__hover_enabled=&#8221;off&#8221; button_two_border_color__hover_enabled=&#8221;off&#8221; button_border_radius__hover_enabled=&#8221;off&#8221; button_one_border_radius__hover_enabled=&#8221;off&#8221; button_two_border_radius__hover_enabled=&#8221;off&#8221; button_letter_spacing__hover_enabled=&#8221;off&#8221; button_one_letter_spacing__hover_enabled=&#8221;off&#8221; button_two_letter_spacing__hover_enabled=&#8221;off&#8221; button_bg_color__hover_enabled=&#8221;off&#8221; button_one_bg_color__hover_enabled=&#8221;off&#8221; button_two_bg_color__hover_enabled=&#8221;off&#8221;][\/et_pb_contact_field][\/et_pb_contact_form][\/et_pb_column][\/et_pb_row][\/et_pb_section]<\/p>\n","protected":false},"excerpt":{"rendered":"<p>Kapcsolat&nbsp; D\u00f6r K\u00f6zs\u00e9gi \u00d6nkorm\u00e1nyzat 9147. D\u00f6r, Pet\u0151fi u. 3.Ad\u00f3sz\u00e1m 15728197108Telefon: 96\/263-206e-mail: dorhivatal@gmail.com \u00dcgyf\u00e9lfogad\u00e1si rend: H\u00e9tf\u0151:\u00a08.00 &#8211; 16.00 Kedd:\u00a08.00 &#8211; 16.00 Szerda:\u00a08.00 &#8211; 16.00 Cs\u00fct\u00f6rt\u00f6k:\u00a08.00 &#8211; 16.00 P\u00e9ntek:\u00a08.00 &#8211; 12.00 \u00dczenetk\u00fcld\u00e9sAmennyiben kapcsolatba k\u00edv\u00e1n l\u00e9pni vel\u00fcnk, itt k\u00f6zvetlen\u00fcl \u00edrhat nek\u00fcnk:<\/p>\n","protected":false},"author":1,"featured_media":0,"parent":0,"menu_order":0,"comment_status":"closed","ping_status":"closed","template":"","meta":{"_et_pb_use_builder":"on","_et_pb_old_content":"","_et_gb_content_width":"","footnotes":""},"class_list":["post-5453","page","type-page","status-publish","hentry"],"yoast_head":"<!-- This site is optimized with the Yoast SEO plugin v26.8 - https:\/\/yoast.com\/product\/yoast-seo-wordpress\/ -->\n<title>Kapcsolat - D\u00f6r<\/title>\n<meta name=\"robots\" content=\"index, follow, max-snippet:-1, max-image-preview:large, max-video-preview:-1\" \/>\n<link rel=\"canonical\" href=\"http:\/\/www.dor.hu\/?page_id=5453\" \/>\n<meta property=\"og:locale\" content=\"hu_HU\" \/>\n<meta property=\"og:type\" content=\"article\" \/>\n<meta property=\"og:title\" content=\"Kapcsolat - D\u00f6r\" \/>\n<meta property=\"og:description\" content=\"Kapcsolat&nbsp; D\u00f6r K\u00f6zs\u00e9gi \u00d6nkorm\u00e1nyzat 9147. D\u00f6r, Pet\u0151fi u. 3.Ad\u00f3sz\u00e1m 15728197108Telefon: 96\/263-206e-mail: dorhivatal@gmail.com \u00dcgyf\u00e9lfogad\u00e1si rend: H\u00e9tf\u0151:\u00a08.00 - 16.00 Kedd:\u00a08.00 - 16.00 Szerda:\u00a08.00 - 16.00 Cs\u00fct\u00f6rt\u00f6k:\u00a08.00 - 16.00 P\u00e9ntek:\u00a08.00 - 12.00 \u00dczenetk\u00fcld\u00e9sAmennyiben kapcsolatba k\u00edv\u00e1n l\u00e9pni vel\u00fcnk, itt k\u00f6zvetlen\u00fcl \u00edrhat nek\u00fcnk:\" \/>\n<meta property=\"og:url\" content=\"http:\/\/www.dor.hu\/?page_id=5453\" \/>\n<meta property=\"og:site_name\" content=\"D\u00f6r\" \/>\n<meta property=\"article:modified_time\" content=\"2026-01-31T15:01:09+00:00\" \/>\n<meta name=\"twitter:card\" content=\"summary_large_image\" \/>\n<meta name=\"twitter:label1\" content=\"Becs\u00fclt olvas\u00e1si id\u0151\" \/>\n\t<meta name=\"twitter:data1\" content=\"1 perc\" \/>\n<script type=\"application\/ld+json\" class=\"yoast-schema-graph\">{\"@context\":\"https:\/\/schema.org\",\"@graph\":[{\"@type\":\"WebPage\",\"@id\":\"http:\/\/www.dor.hu\/?page_id=5453\",\"url\":\"http:\/\/www.dor.hu\/?page_id=5453\",\"name\":\"Kapcsolat - D\u00f6r\",\"isPartOf\":{\"@id\":\"http:\/\/www.dor.hu\/#website\"},\"datePublished\":\"2023-07-17T08:31:57+00:00\",\"dateModified\":\"2026-01-31T15:01:09+00:00\",\"breadcrumb\":{\"@id\":\"http:\/\/www.dor.hu\/?page_id=5453#breadcrumb\"},\"inLanguage\":\"hu\",\"potentialAction\":[{\"@type\":\"ReadAction\",\"target\":[\"http:\/\/www.dor.hu\/?page_id=5453\"]}]},{\"@type\":\"BreadcrumbList\",\"@id\":\"http:\/\/www.dor.hu\/?page_id=5453#breadcrumb\",\"itemListElement\":[{\"@type\":\"ListItem\",\"position\":1,\"name\":\"Kezd\u0151lap\",\"item\":\"http:\/\/www.dor.hu\/\"},{\"@type\":\"ListItem\",\"position\":2,\"name\":\"Kapcsolat\"}]},{\"@type\":\"WebSite\",\"@id\":\"http:\/\/www.dor.hu\/#website\",\"url\":\"http:\/\/www.dor.hu\/\",\"name\":\"D\u00f6r\",\"description\":\"D\u00f6r K\u00f6zs\u00e9gi \u00d6nkorm\u00e1nyzat\",\"potentialAction\":[{\"@type\":\"SearchAction\",\"target\":{\"@type\":\"EntryPoint\",\"urlTemplate\":\"http:\/\/www.dor.hu\/?s={search_term_string}\"},\"query-input\":{\"@type\":\"PropertyValueSpecification\",\"valueRequired\":true,\"valueName\":\"search_term_string\"}}],\"inLanguage\":\"hu\"}]}<\/script>\n<!-- \/ Yoast SEO plugin. -->","yoast_head_json":{"title":"Kapcsolat - D\u00f6r","robots":{"index":"index","follow":"follow","max-snippet":"max-snippet:-1","max-image-preview":"max-image-preview:large","max-video-preview":"max-video-preview:-1"},"canonical":"http:\/\/www.dor.hu\/?page_id=5453","og_locale":"hu_HU","og_type":"article","og_title":"Kapcsolat - D\u00f6r","og_description":"Kapcsolat&nbsp; D\u00f6r K\u00f6zs\u00e9gi \u00d6nkorm\u00e1nyzat 9147. D\u00f6r, Pet\u0151fi u. 3.Ad\u00f3sz\u00e1m 15728197108Telefon: 96\/263-206e-mail: dorhivatal@gmail.com \u00dcgyf\u00e9lfogad\u00e1si rend: H\u00e9tf\u0151:\u00a08.00 - 16.00 Kedd:\u00a08.00 - 16.00 Szerda:\u00a08.00 - 16.00 Cs\u00fct\u00f6rt\u00f6k:\u00a08.00 - 16.00 P\u00e9ntek:\u00a08.00 - 12.00 \u00dczenetk\u00fcld\u00e9sAmennyiben kapcsolatba k\u00edv\u00e1n l\u00e9pni vel\u00fcnk, itt k\u00f6zvetlen\u00fcl \u00edrhat nek\u00fcnk:","og_url":"http:\/\/www.dor.hu\/?page_id=5453","og_site_name":"D\u00f6r","article_modified_time":"2026-01-31T15:01:09+00:00","twitter_card":"summary_large_image","twitter_misc":{"Becs\u00fclt olvas\u00e1si id\u0151":"1 perc"},"schema":{"@context":"https:\/\/schema.org","@graph":[{"@type":"WebPage","@id":"http:\/\/www.dor.hu\/?page_id=5453","url":"http:\/\/www.dor.hu\/?page_id=5453","name":"Kapcsolat - D\u00f6r","isPartOf":{"@id":"http:\/\/www.dor.hu\/#website"},"datePublished":"2023-07-17T08:31:57+00:00","dateModified":"2026-01-31T15:01:09+00:00","breadcrumb":{"@id":"http:\/\/www.dor.hu\/?page_id=5453#breadcrumb"},"inLanguage":"hu","potentialAction":[{"@type":"ReadAction","target":["http:\/\/www.dor.hu\/?page_id=5453"]}]},{"@type":"BreadcrumbList","@id":"http:\/\/www.dor.hu\/?page_id=5453#breadcrumb","itemListElement":[{"@type":"ListItem","position":1,"name":"Kezd\u0151lap","item":"http:\/\/www.dor.hu\/"},{"@type":"ListItem","position":2,"name":"Kapcsolat"}]},{"@type":"WebSite","@id":"http:\/\/www.dor.hu\/#website","url":"http:\/\/www.dor.hu\/","name":"D\u00f6r","description":"D\u00f6r K\u00f6zs\u00e9gi \u00d6nkorm\u00e1nyzat","potentialAction":[{"@type":"SearchAction","target":{"@type":"EntryPoint","urlTemplate":"http:\/\/www.dor.hu\/?s={search_term_string}"},"query-input":{"@type":"PropertyValueSpecification","valueRequired":true,"valueName":"search_term_string"}}],"inLanguage":"hu"}]}},"_links":{"self":[{"href":"https:\/\/www.dor.hu\/index.php?rest_route=\/wp\/v2\/pages\/5453","targetHints":{"allow":["GET"]}}],"collection":[{"href":"https:\/\/www.dor.hu\/index.php?rest_route=\/wp\/v2\/pages"}],"about":[{"href":"https:\/\/www.dor.hu\/index.php?rest_route=\/wp\/v2\/types\/page"}],"author":[{"embeddable":true,"href":"https:\/\/www.dor.hu\/index.php?rest_route=\/wp\/v2\/users\/1"}],"replies":[{"embeddable":true,"href":"https:\/\/www.dor.hu\/index.php?rest_route=%2Fwp%2Fv2%2Fcomments&post=5453"}],"version-history":[{"count":22,"href":"https:\/\/www.dor.hu\/index.php?rest_route=\/wp\/v2\/pages\/5453\/revisions"}],"predecessor-version":[{"id":7328,"href":"https:\/\/www.dor.hu\/index.php?rest_route=\/wp\/v2\/pages\/5453\/revisions\/7328"}],"wp:attachment":[{"href":"https:\/\/www.dor.hu\/index.php?rest_route=%2Fwp%2Fv2%2Fmedia&parent=5453"}],"curies":[{"name":"wp","href":"https:\/\/api.w.org\/{rel}","templated":true}]}}