{"id":9,"date":"2017-11-27T14:07:29","date_gmt":"2017-11-27T14:07:29","guid":{"rendered":"http:\/\/www.dor.hu\/?page_id=9"},"modified":"2026-03-02T08:56:59","modified_gmt":"2026-03-02T08:56:59","slug":"kozbeszerzes","status":"publish","type":"page","link":"https:\/\/www.dor.hu\/?page_id=9","title":{"rendered":"Dokumentumt\u00e1r"},"content":{"rendered":"<p>[et_pb_section fb_built=&#8221;1&#8243; _builder_version=&#8221;4.21.0&#8243; background_image=&#8221;http:\/\/www.dor.hu\/wp-content\/uploads\/2023\/07\/Cimer5.png&#8221; background_size=&#8221;contain&#8221; global_colors_info=&#8221;{}&#8221;][et_pb_row admin_label=&#8221;row&#8221; _builder_version=&#8221;4.16&#8243; background_size=&#8221;initial&#8221; background_position=&#8221;top_left&#8221; background_repeat=&#8221;repeat&#8221; locked=&#8221;off&#8221; global_colors_info=&#8221;{}&#8221;][et_pb_column type=&#8221;4_4&#8243; _builder_version=&#8221;4.16&#8243; custom_padding=&#8221;|||&#8221; global_colors_info=&#8221;{}&#8221; custom_padding__hover=&#8221;|||&#8221;][et_pb_text _builder_version=&#8221;4.21.0&#8243; _module_preset=&#8221;default&#8221; text_font=&#8221;Adamina||||||||&#8221; text_text_color=&#8221;#331584&#8243; text_font_size=&#8221;40px&#8221; header_font=&#8221;Times New Roman||||||||&#8221; text_orientation=&#8221;center&#8221; hover_enabled=&#8221;0&#8243; global_colors_info=&#8221;{}&#8221; sticky_enabled=&#8221;0&#8243;]<\/p>\n<p>Dokumentumt\u00e1r<\/p>\n<p>[\/et_pb_text][et_pb_text _builder_version=&#8221;4.23.1&#8243; _module_preset=&#8221;default&#8221; text_font=&#8221;||||on||||&#8221; text_text_color=&#8221;#0C71C3&#8243; text_font_size=&#8221;22px&#8221; text_line_height=&#8221;1.8em&#8221; text_orientation=&#8221;center&#8221; hover_enabled=&#8221;0&#8243; locked=&#8221;off&#8221; global_colors_info=&#8221;{}&#8221; sticky_enabled=&#8221;0&#8243;][\/et_pb_text][et_pb_text _builder_version=&#8221;4.23.1&#8243; _module_preset=&#8221;default&#8221; text_font=&#8221;||||on||||&#8221; text_text_color=&#8221;#0C71C3&#8243; text_font_size=&#8221;22px&#8221; text_line_height=&#8221;1.8em&#8221; text_orientation=&#8221;center&#8221; hover_enabled=&#8221;0&#8243; locked=&#8221;off&#8221; global_colors_info=&#8221;{}&#8221; sticky_enabled=&#8221;0&#8243;]<\/p>\n<p class=\"western\" style=\"text-align: center;\" align=\"left\"><a href=\"https:\/\/www.dor.hu\/wp-content\/uploads\/2023\/11\/Adatvedelmi-szabalyzat2023.pdf\" target=\"_blank\" rel=\"noopener\"><span style=\"font-family: Roboto, serif;\"><b>ADATV\u00c9DELMI SZAB\u00c1LYZAT<\/b><\/span><\/a><\/p>\n<p>[\/et_pb_text][et_pb_divider _builder_version=&#8221;4.23.1&#8243; _module_preset=&#8221;default&#8221; global_colors_info=&#8221;{}&#8221;][\/et_pb_divider][\/et_pb_column][\/et_pb_row][et_pb_row _builder_version=&#8221;4.16&#8243; background_size=&#8221;initial&#8221; background_position=&#8221;top_left&#8221; background_repeat=&#8221;repeat&#8221; hover_enabled=&#8221;0&#8243; global_colors_info=&#8221;{}&#8221; sticky_enabled=&#8221;0&#8243;][et_pb_column type=&#8221;4_4&#8243; _builder_version=&#8221;4.16&#8243; custom_padding=&#8221;|||&#8221; global_colors_info=&#8221;{}&#8221; custom_padding__hover=&#8221;|||&#8221;][et_pb_divider _builder_version=&#8221;4.23.1&#8243; _module_preset=&#8221;default&#8221; global_colors_info=&#8221;{}&#8221;][\/et_pb_divider][et_pb_text _builder_version=&#8221;4.21.0&#8243; _module_preset=&#8221;default&#8221; hover_enabled=&#8221;0&#8243; global_colors_info=&#8221;{}&#8221; sticky_enabled=&#8221;0&#8243;]<\/p>\n<h2><span style=\"text-decoration: underline;\"><a href=\"http:\/\/www.dor.hu\/?page_id=186\" aria-current=\"page\">K\u00f6zbeszerz\u00e9si dokumentumok<\/a><\/span><\/h2>\n<p>[\/et_pb_text][et_pb_text _builder_version=&#8221;4.27.3&#8243; background_color=&#8221;RGBA(255,255,255,0)&#8221; background_size=&#8221;initial&#8221; background_position=&#8221;top_left&#8221; background_repeat=&#8221;repeat&#8221; global_colors_info=&#8221;{}&#8221;]<\/p>\n<table class=\" aligncenter\" style=\"width: 700px; border: 0px solid #ffffff;\" border=\"0\" cellspacing=\"0\" cellpadding=\"8\">\n<tbody>\n<tr>\n<td style=\"background-color: #499fd4; width: 405px; text-align: center;\" colspan=\"2\"><span style=\"color: #ffffff;\"><strong>K\u00f6zbeszerz\u00e9si dokumentum c\u00edmei<\/strong><\/span><\/td>\n<td style=\"background-color: #499fd4; width: 133px;\"><span style=\"color: #ffffff;\"> <strong>Let\u00f6lt\u00e9s<\/strong><\/span><\/td>\n<\/tr>\n<tr style=\"background-color: #fafafa;\">\n<td style=\"width: 405px;\" colspan=\"2\" valign=\"top\">KULT\u00daRH\u00c1Z FEL\u00daJ\u00cdT\u00c1SA D\u00d6R K\u00d6ZS\u00c9GBEN K\u00d6ZBESZERZ\u00c9SI DOKUMENTUM<\/td>\n<td style=\"width: 133px;\" valign=\"top\"><a href=\"http:\/\/www.dor.hu\/wp-content\/uploads\/2017\/11\/AD-kult\u00farh\u00e1z-D\u00f6r_e.pdf\" target=\"_blank\" rel=\"noopener\"><strong>Let\u00f6lt\u00e9s (pdf)<\/strong><\/a><\/td>\n<\/tr>\n<tr style=\"background-color: #fafafa;\">\n<td style=\"width: 405px;\" colspan=\"2\" valign=\"top\">KULT\u00daRH\u00c1Z FEL\u00daJ\u00cdT\u00c1SA D\u00d6R K\u00d6ZS\u00c9GBEN K\u00d6ZBESZERZ\u00c9SI AJ\u00c1NLATT\u00c9TELI FELH\u00cdV\u00c1S<\/td>\n<td style=\"width: 133px;\" valign=\"top\"><a href=\"http:\/\/www.dor.hu\/wp-content\/uploads\/2017\/11\/AF-kult\u00farh\u00e1z-D\u00f6r_e.pdf\" target=\"_blank\" rel=\"noopener\"><strong>Let\u00f6lt\u00e9s (pdf)<\/strong><\/a><\/td>\n<\/tr>\n<tr style=\"background-color: #fafafa;\">\n<td style=\"width: 405px;\" colspan=\"2\" valign=\"top\">D\u00f6r kult\u00farh\u00e1z \u00e1razatlan k\u00f6lts\u00e9gvet\u00e9s<\/td>\n<td style=\"width: 133px;\" valign=\"top\"><a href=\"http:\/\/www.dor.hu\/wp-content\/uploads\/2017\/11\/D\u00f6r-kult\u00farh\u00e1z-\u00e1razatlan-k\u00f6lts\u00e9gvet\u00e9s.xlsx\" target=\"_blank\" rel=\"noopener\"><strong>Let\u00f6lt\u00e9s (xlsx)<\/strong><\/a><\/td>\n<\/tr>\n<tr style=\"background-color: #fafafa;\">\n<td style=\"width: 405px;\" colspan=\"2\" valign=\"top\">M\u0171szaki le\u00edr\u00e1s \u00e9s tervek<\/td>\n<td style=\"width: 133px;\" valign=\"top\"><a href=\"http:\/\/www.dor.hu\/wp-content\/uploads\/2017\/11\/Muszaki-leiras-es-tervek.zip\" target=\"_blank\" rel=\"noopener\"><strong>Let\u00f6lt\u00e9s (zip)<\/strong><\/a><\/td>\n<\/tr>\n<tr style=\"background-color: #fafafa;\">\n<td style=\"width: 405px;\" colspan=\"2\" valign=\"top\">Polg\u00e1rmesteri nyilatkozat<\/td>\n<td style=\"width: 133px;\" valign=\"top\"><a href=\"http:\/\/www.dor.hu\/wp-content\/uploads\/2017\/12\/nyilatkozat-polg\u00e1rmester.pdf\" target=\"_blank\" rel=\"noopener\"><strong>Let\u00f6lt\u00e9s (pdf)<\/strong><\/a><\/td>\n<\/tr>\n<tr style=\"background-color: #fafafa;\">\n<td style=\"width: 405px;\" colspan=\"2\" valign=\"top\">Bont\u00e1si tervek<\/td>\n<td style=\"width: 133px;\" valign=\"top\"><a href=\"http:\/\/www.dor.hu\/wp-content\/uploads\/2017\/12\/Bont\u00e1si-jegyz\u0151k\u00f6nyv_e.pdf\" target=\"_blank\" rel=\"noopener\"><strong>Let\u00f6lt\u00e9s (pdf)<\/strong><\/a><\/td>\n<\/tr>\n<tr style=\"background-color: #fafafa;\">\n<td style=\"width: 405px;\" colspan=\"2\" valign=\"top\">V\u00e1llalkoz\u00f3i szerz\u0151d\u00e9s-Kov\u00e1csBau<\/td>\n<td style=\"width: 133px;\" valign=\"top\"><a href=\"http:\/\/www.dor.hu\/wp-content\/uploads\/2018\/01\/Vall-szerz-KovacsBau.pdf\" target=\"_blank\" rel=\"noopener\"><strong>Let\u00f6lt\u00e9s (pdf)<\/strong><\/a><\/td>\n<\/tr>\n<\/tbody>\n<\/table>\n<p>[\/et_pb_text][\/et_pb_column][\/et_pb_row][et_pb_row _builder_version=&#8221;4.16&#8243; background_size=&#8221;initial&#8221; background_position=&#8221;top_left&#8221; background_repeat=&#8221;repeat&#8221; global_colors_info=&#8221;{}&#8221;][et_pb_column type=&#8221;4_4&#8243; _builder_version=&#8221;4.16&#8243; custom_padding=&#8221;|||&#8221; global_colors_info=&#8221;{}&#8221; custom_padding__hover=&#8221;|||&#8221;][et_pb_divider _builder_version=&#8221;4.23.1&#8243; _module_preset=&#8221;default&#8221; global_colors_info=&#8221;{}&#8221;][\/et_pb_divider][et_pb_text _builder_version=&#8221;4.27.3&#8243; _module_preset=&#8221;default&#8221; global_colors_info=&#8221;{}&#8221;]<\/p>\n<h2><span style=\"text-decoration: underline;\"><a href=\"http:\/\/www.dor.hu\/?page_id=186\" aria-current=\"page\">D\u00f6r\u00a0 telep\u00fcl\u00e9srendez\u00e9si terv<\/a><\/span><\/h2>\n<p>[\/et_pb_text][et_pb_text _builder_version=&#8221;4.27.3&#8243; background_color=&#8221;RGBA(255,255,255,0)&#8221; background_size=&#8221;initial&#8221; background_position=&#8221;top_left&#8221; background_repeat=&#8221;repeat&#8221; global_colors_info=&#8221;{}&#8221;]<\/p>\n<table class=\" aligncenter\" style=\"width: 701px; border: 0px solid #ffffff; height: 424px;\" border=\"0\" cellspacing=\"0\" cellpadding=\"8\">\n<tbody>\n<tr>\n<td style=\"background-color: #499fd4; width: 405px; text-align: center;\" colspan=\"2\"><span style=\"color: #ffffff;\"><strong>Fejleszt\u00e9si dokumentumok c\u00edmei<\/strong><\/span><\/td>\n<td style=\"background-color: #499fd4; width: 133px;\"><span style=\"color: #ffffff;\"> <strong>Let\u00f6lt\u00e9s<\/strong><\/span><\/td>\n<\/tr>\n<tr style=\"background-color: #fafafa;\">\n<td style=\"width: 405px;\" colspan=\"2\" valign=\"top\">D\u00f6r Fejleszt\u00e9si terv &#8211; T\u00c9RK\u00c9P<\/td>\n<td style=\"width: 133px;\" valign=\"top\"><a href=\"https:\/\/www.dor.hu\/wp-content\/uploads\/2025\/07\/Dor-fejlesztesi-terv-TERKEP.pdf\" target=\"_blank\" rel=\"noopener\"><strong>Let\u00f6lt\u00e9s (pdf)<\/strong><\/a><\/td>\n<\/tr>\n<tr>\n<td style=\"width: 405px;\" colspan=\"2\">D\u00f6r H\u00c9SZ2025<\/td>\n<td style=\"width: 133px;\"><strong><a href=\"https:\/\/www.dor.hu\/wp-content\/uploads\/2025\/07\/Dor-HESZ2025.pdf\" target=\"_blank\" rel=\"noopener\">Let\u00f6lt\u00e9s (pdf)<\/a><\/strong><\/td>\n<\/tr>\n<tr style=\"background-color: #fafafa;\">\n<td colspan=\"2\" valign=\"top\">H\u00c9SZ 1. mell\u00e9llet<\/td>\n<td style=\"width: 133px;\" valign=\"top\"><a href=\"https:\/\/www.dor.hu\/wp-content\/uploads\/2025\/07\/HESZ-1.-melleklet-Dor-szabalyozasi-terv-SZT.TERKEP.pdf\" target=\"_blank\" rel=\"noopener\"><strong>Let\u00f6lt\u00e9s (pdf)<\/strong><\/a><\/td>\n<\/tr>\n<tr style=\"background-color: #fafafa;\">\n<td style=\"width: 405px;\" colspan=\"2\" valign=\"top\">H\u00c9SZ 2. mell\u00e9llet<\/td>\n<td style=\"width: 133px;\" valign=\"top\"><a href=\"https:\/\/www.dor.hu\/wp-content\/uploads\/2025\/07\/HESZ-2.-melleklet.pdf\" target=\"_blank\" rel=\"noopener\"><strong>Let\u00f6lt\u00e9s (pdf)<\/strong><\/a><\/td>\n<\/tr>\n<tr style=\"background-color: #fafafa;\">\n<td style=\"width: 405px;\" colspan=\"2\" valign=\"top\">H\u00c9SZ 3. mell\u00e9llet<\/td>\n<td style=\"width: 133px;\" valign=\"top\"><a href=\"https:\/\/www.dor.hu\/wp-content\/uploads\/2025\/07\/HESZ-3.-melleklet.pdf\" target=\"_blank\" rel=\"noopener\"><strong>Let\u00f6lt\u00e9s (pdf)<\/strong><\/a><\/td>\n<\/tr>\n<tr style=\"background-color: #fafafa;\">\n<td style=\"width: 405px;\" colspan=\"2\" valign=\"top\">H\u00c9SZ 4. mell\u00e9llet<\/td>\n<td style=\"width: 133px;\" valign=\"top\"><a href=\"https:\/\/www.dor.hu\/wp-content\/uploads\/2025\/07\/HESZ-4.-melleklet.pdf\" target=\"_blank\" rel=\"noopener\"><strong>Let\u00f6lt\u00e9s (pdf)<\/strong><\/a><\/td>\n<\/tr>\n<tr style=\"background-color: #fafafa;\">\n<td style=\"width: 405px;\" colspan=\"2\" valign=\"top\">JKV. kivonat TRT elfogad\u00e1s<\/td>\n<td style=\"width: 133px;\" valign=\"top\"><a href=\"https:\/\/www.dor.hu\/wp-content\/uploads\/2025\/07\/JKV.-kivonat-TRT-elfogadas.pdf\" target=\"_blank\" rel=\"noopener\"><strong>Let\u00f6lt\u00e9s (pdf)<\/strong><\/a><\/td>\n<\/tr>\n<tr style=\"background-color: #fafafa;\">\n<td style=\"width: 405px;\" colspan=\"2\" valign=\"top\">Telep\u00fcl\u00e9sfejleszt\u00e9si terv D\u00f6r<\/td>\n<td style=\"width: 133px;\" valign=\"top\"><a href=\"https:\/\/www.dor.hu\/wp-content\/uploads\/2025\/07\/Telepulesfejlesztesi-terv-Dor.pdf\" target=\"_blank\" rel=\"noopener\"><strong>Let\u00f6lt\u00e9s (pdf)<\/strong><\/a><\/td>\n<\/tr>\n<\/tbody>\n<\/table>\n<p>[\/et_pb_text][\/et_pb_column][\/et_pb_row][et_pb_row _builder_version=&#8221;4.16&#8243; background_size=&#8221;initial&#8221; background_position=&#8221;top_left&#8221; background_repeat=&#8221;repeat&#8221; global_colors_info=&#8221;{}&#8221;][et_pb_column type=&#8221;4_4&#8243; _builder_version=&#8221;4.16&#8243; custom_padding=&#8221;|||&#8221; global_colors_info=&#8221;{}&#8221; custom_padding__hover=&#8221;|||&#8221;][et_pb_divider _builder_version=&#8221;4.23.1&#8243; _module_preset=&#8221;default&#8221; global_colors_info=&#8221;{}&#8221;][\/et_pb_divider][et_pb_text _builder_version=&#8221;4.27.5&#8243; _module_preset=&#8221;default&#8221; global_colors_info=&#8221;{}&#8221;]<\/p>\n<h2><span style=\"text-decoration: underline;\">Kamerarendszer haszn\u00e1lati szab\u00e1lyzat<\/span><\/h2>\n<p>[\/et_pb_text][et_pb_text _builder_version=&#8221;4.27.5&#8243; background_color=&#8221;RGBA(255,255,255,0)&#8221; background_size=&#8221;initial&#8221; background_position=&#8221;top_left&#8221; background_repeat=&#8221;repeat&#8221; global_colors_info=&#8221;{}&#8221;]<\/p>\n<table class=\" aligncenter\" style=\"width: 538px; border: 0px solid #ffffff; height: 166px;\" border=\"0\" cellspacing=\"0\" cellpadding=\"8\">\n<tbody>\n<tr style=\"height: 23px;\">\n<td style=\"background-color: #499fd4; width: 377.26px; text-align: center; height: 23px;\"><span style=\"color: #ffffff;\"><strong>\u00a0Megnevez\u00e9s<\/strong><\/span><\/td>\n<td style=\"background-color: #499fd4; width: 126.073px; height: 23px;\"><span style=\"color: #ffffff;\"> <strong>Let\u00f6lt\u00e9s<\/strong><\/span><\/td>\n<\/tr>\n<tr style=\"background-color: #fafafa;\">\n<td style=\"width: 377.26px; height: 23px;\" valign=\"top\">Kamerarendszer haszn\u00e1lati szab\u00e1lyzat<\/td>\n<td style=\"width: 126.073px; height: 23px;\" valign=\"top\"><a href=\"https:\/\/www.dor.hu\/wp-content\/uploads\/2026\/03\/Kamerarendszer-hasznalati-szabalyzat.pdf\">Let\u00f6lt\u00e9s (docx)<\/a><\/td>\n<\/tr>\n<\/tbody>\n<\/table>\n<p>[\/et_pb_text][\/et_pb_column][\/et_pb_row][\/et_pb_section]<\/p>\n","protected":false},"excerpt":{"rendered":"<p>Dokumentumt\u00e1rADATV\u00c9DELMI SZAB\u00c1LYZATK\u00f6zbeszerz\u00e9si dokumentumok K\u00f6zbeszerz\u00e9si dokumentum c\u00edmei Let\u00f6lt\u00e9s KULT\u00daRH\u00c1Z FEL\u00daJ\u00cdT\u00c1SA D\u00d6R K\u00d6ZS\u00c9GBEN K\u00d6ZBESZERZ\u00c9SI DOKUMENTUM Let\u00f6lt\u00e9s (pdf) KULT\u00daRH\u00c1Z FEL\u00daJ\u00cdT\u00c1SA D\u00d6R K\u00d6ZS\u00c9GBEN K\u00d6ZBESZERZ\u00c9SI AJ\u00c1NLATT\u00c9TELI FELH\u00cdV\u00c1S Let\u00f6lt\u00e9s (pdf) D\u00f6r kult\u00farh\u00e1z \u00e1razatlan k\u00f6lts\u00e9gvet\u00e9s Let\u00f6lt\u00e9s (xlsx) M\u0171szaki le\u00edr\u00e1s \u00e9s tervek Let\u00f6lt\u00e9s (zip) Polg\u00e1rmesteri nyilatkozat Let\u00f6lt\u00e9s (pdf) Bont\u00e1si tervek Let\u00f6lt\u00e9s (pdf) V\u00e1llalkoz\u00f3i szerz\u0151d\u00e9s-Kov\u00e1csBau Let\u00f6lt\u00e9s (pdf) D\u00f6r\u00a0 telep\u00fcl\u00e9srendez\u00e9si terv Fejleszt\u00e9si dokumentumok c\u00edmei Let\u00f6lt\u00e9s [&hellip;]<\/p>\n","protected":false},"author":1,"featured_media":0,"parent":0,"menu_order":0,"comment_status":"closed","ping_status":"closed","template":"","meta":{"_et_pb_use_builder":"on","_et_pb_old_content":"<p>\u00a0<\/p><p>\u00a0<\/p><table class=\" aligncenter\" style=\"width: 700px; border: 0px solid #ffffff;\" border=\"0\" cellspacing=\"0\" cellpadding=\"8\"><tbody><tr><td style=\"background-color: #499fd4; width: 405px; text-align: center;\" colspan=\"2\"><span style=\"color: #ffffff;\"><strong>K\u00f6zbeszerz\u00e9si dokumentum c\u00edme<\/strong><\/span><\/td><td style=\"background-color: #499fd4; width: 133px;\"><span style=\"color: #ffffff;\"> <strong>Let\u00f6lt\u00e9s<\/strong><\/span><\/td><\/tr><tr style=\"background-color: #fafafa;\"><td style=\"width: 405px;\" colspan=\"2\" valign=\"top\">KULT\u00daRH\u00c1Z FEL\u00daJ\u00cdT\u00c1SA D\u00d6R K\u00d6ZS\u00c9GBEN<br \/>K\u00d6ZBESZERZ\u00c9SI DOKUMENTUM<\/td><td style=\"width: 133px;\" valign=\"top\"><a href=\"http:\/\/www.dor.hu\/wp-content\/uploads\/2017\/11\/AD-kult\u00farh\u00e1z-D\u00f6r_e.pdf\" target=\"_blank\" rel=\"noopener\"><strong>Let\u00f6lt\u00e9s (pdf)<\/strong><\/a><\/td><\/tr><tr style=\"background-color: #fafafa;\"><td style=\"width: 405px;\" colspan=\"2\" valign=\"top\">KULT\u00daRH\u00c1Z FEL\u00daJ\u00cdT\u00c1SA D\u00d6R K\u00d6ZS\u00c9GBEN<br \/>K\u00d6ZBESZERZ\u00c9SI AJ\u00c1NLATT\u00c9TELI FELH\u00cdV\u00c1S<\/td><td style=\"width: 133px;\" valign=\"top\"><a href=\"http:\/\/www.dor.hu\/wp-content\/uploads\/2017\/11\/AF-kult\u00farh\u00e1z-D\u00f6r_e.pdf\" target=\"_blank\" rel=\"noopener\"><strong>Let\u00f6lt\u00e9s (pdf)<\/strong><\/a><\/td><\/tr><tr style=\"background-color: #fafafa;\"><td style=\"width: 405px;\" colspan=\"2\" valign=\"top\">D\u00f6r kult\u00farh\u00e1z \u00e1razatlan k\u00f6lts\u00e9gvet\u00e9s<\/td><td style=\"width: 133px;\" valign=\"top\"><a href=\"http:\/\/www.dor.hu\/wp-content\/uploads\/2017\/11\/D\u00f6r-kult\u00farh\u00e1z-\u00e1razatlan-k\u00f6lts\u00e9gvet\u00e9s.xlsx\" target=\"_blank\" rel=\"noopener\"><strong>Let\u00f6lt\u00e9s (xlsx)<\/strong><\/a><\/td><\/tr><tr style=\"background-color: #fafafa;\"><td style=\"width: 405px;\" colspan=\"2\" valign=\"top\">M\u0171szaki le\u00edr\u00e1s \u00e9s tervek<\/td><td style=\"width: 133px;\" valign=\"top\"><a href=\"http:\/\/www.dor.hu\/wp-content\/uploads\/2017\/11\/Muszaki-leiras-es-tervek.zip\" target=\"_blank\" rel=\"noopener\"><strong>Let\u00f6lt\u00e9s (zip)<\/strong><\/a><\/td><\/tr><tr style=\"background-color: #fafafa;\"><td style=\"width: 405px;\" colspan=\"2\" valign=\"top\">Polg\u00e1rmesteri nyilatkozat<\/td><td style=\"width: 133px;\" valign=\"top\"><a href=\"http:\/\/www.dor.hu\/wp-content\/uploads\/2017\/12\/nyilatkozat-polg\u00e1rmester.pdf\" target=\"_blank\" rel=\"noopener\"><strong>Let\u00f6lt\u00e9s (pdf)<\/strong><\/a><\/td><\/tr><tr style=\"background-color: #fafafa;\"><td style=\"width: 405px;\" colspan=\"2\" valign=\"top\">Bont\u00e1si tervek<\/td><td style=\"width: 133px;\" valign=\"top\"><a href=\"http:\/\/www.dor.hu\/wp-content\/uploads\/2017\/12\/Bont\u00e1si-jegyz\u0151k\u00f6nyv_e.pdf\" target=\"_blank\" rel=\"noopener\"><strong>Let\u00f6lt\u00e9s (pdf)<\/strong><\/a><\/td><\/tr><tr style=\"background-color: #fafafa;\"><td style=\"width: 405px;\" colspan=\"2\" valign=\"top\">V\u00e1llalkoz\u00f3i szerz\u0151d\u00e9s-Kov\u00e1csBau<\/td><td style=\"width: 133px;\" valign=\"top\"><a href=\"http:\/\/www.dor.hu\/wp-content\/uploads\/2018\/01\/Vall-szerz-KovacsBau.pdf\" target=\"_blank\" rel=\"noopener\"><strong>Let\u00f6lt\u00e9s (pdf)<\/strong><\/a><\/td><\/tr><\/tbody><\/table>","_et_gb_content_width":"","footnotes":""},"class_list":["post-9","page","type-page","status-publish","hentry"],"yoast_head":"<!-- This site is optimized with the Yoast SEO plugin v26.8 - https:\/\/yoast.com\/product\/yoast-seo-wordpress\/ -->\n<title>Dokumentumt\u00e1r - D\u00f6r<\/title>\n<meta name=\"robots\" content=\"index, follow, max-snippet:-1, max-image-preview:large, max-video-preview:-1\" \/>\n<link rel=\"canonical\" href=\"https:\/\/www.dor.hu\/?page_id=9\" \/>\n<meta property=\"og:locale\" content=\"hu_HU\" \/>\n<meta property=\"og:type\" content=\"article\" \/>\n<meta property=\"og:title\" content=\"Dokumentumt\u00e1r - D\u00f6r\" \/>\n<meta property=\"og:description\" content=\"Dokumentumt\u00e1rADATV\u00c9DELMI SZAB\u00c1LYZATK\u00f6zbeszerz\u00e9si dokumentumok K\u00f6zbeszerz\u00e9si dokumentum c\u00edmei Let\u00f6lt\u00e9s KULT\u00daRH\u00c1Z FEL\u00daJ\u00cdT\u00c1SA D\u00d6R K\u00d6ZS\u00c9GBEN K\u00d6ZBESZERZ\u00c9SI DOKUMENTUM Let\u00f6lt\u00e9s (pdf) KULT\u00daRH\u00c1Z FEL\u00daJ\u00cdT\u00c1SA D\u00d6R K\u00d6ZS\u00c9GBEN K\u00d6ZBESZERZ\u00c9SI AJ\u00c1NLATT\u00c9TELI FELH\u00cdV\u00c1S Let\u00f6lt\u00e9s (pdf) D\u00f6r kult\u00farh\u00e1z \u00e1razatlan k\u00f6lts\u00e9gvet\u00e9s Let\u00f6lt\u00e9s (xlsx) M\u0171szaki le\u00edr\u00e1s \u00e9s tervek Let\u00f6lt\u00e9s (zip) Polg\u00e1rmesteri nyilatkozat Let\u00f6lt\u00e9s (pdf) Bont\u00e1si tervek Let\u00f6lt\u00e9s (pdf) V\u00e1llalkoz\u00f3i szerz\u0151d\u00e9s-Kov\u00e1csBau Let\u00f6lt\u00e9s (pdf) D\u00f6r\u00a0 telep\u00fcl\u00e9srendez\u00e9si terv Fejleszt\u00e9si dokumentumok c\u00edmei Let\u00f6lt\u00e9s [&hellip;]\" \/>\n<meta property=\"og:url\" content=\"https:\/\/www.dor.hu\/?page_id=9\" \/>\n<meta property=\"og:site_name\" content=\"D\u00f6r\" \/>\n<meta property=\"article:modified_time\" content=\"2026-03-02T08:56:59+00:00\" \/>\n<meta name=\"twitter:card\" content=\"summary_large_image\" \/>\n<script type=\"application\/ld+json\" class=\"yoast-schema-graph\">{\"@context\":\"https:\/\/schema.org\",\"@graph\":[{\"@type\":\"WebPage\",\"@id\":\"https:\/\/www.dor.hu\/?page_id=9\",\"url\":\"https:\/\/www.dor.hu\/?page_id=9\",\"name\":\"Dokumentumt\u00e1r - D\u00f6r\",\"isPartOf\":{\"@id\":\"https:\/\/www.dor.hu\/#website\"},\"datePublished\":\"2017-11-27T14:07:29+00:00\",\"dateModified\":\"2026-03-02T08:56:59+00:00\",\"breadcrumb\":{\"@id\":\"https:\/\/www.dor.hu\/?page_id=9#breadcrumb\"},\"inLanguage\":\"hu\",\"potentialAction\":[{\"@type\":\"ReadAction\",\"target\":[\"https:\/\/www.dor.hu\/?page_id=9\"]}]},{\"@type\":\"BreadcrumbList\",\"@id\":\"https:\/\/www.dor.hu\/?page_id=9#breadcrumb\",\"itemListElement\":[{\"@type\":\"ListItem\",\"position\":1,\"name\":\"Kezd\u0151lap\",\"item\":\"https:\/\/www.dor.hu\/\"},{\"@type\":\"ListItem\",\"position\":2,\"name\":\"Dokumentumt\u00e1r\"}]},{\"@type\":\"WebSite\",\"@id\":\"https:\/\/www.dor.hu\/#website\",\"url\":\"https:\/\/www.dor.hu\/\",\"name\":\"D\u00f6r\",\"description\":\"D\u00f6r K\u00f6zs\u00e9gi \u00d6nkorm\u00e1nyzat\",\"potentialAction\":[{\"@type\":\"SearchAction\",\"target\":{\"@type\":\"EntryPoint\",\"urlTemplate\":\"https:\/\/www.dor.hu\/?s={search_term_string}\"},\"query-input\":{\"@type\":\"PropertyValueSpecification\",\"valueRequired\":true,\"valueName\":\"search_term_string\"}}],\"inLanguage\":\"hu\"}]}<\/script>\n<!-- \/ Yoast SEO plugin. -->","yoast_head_json":{"title":"Dokumentumt\u00e1r - D\u00f6r","robots":{"index":"index","follow":"follow","max-snippet":"max-snippet:-1","max-image-preview":"max-image-preview:large","max-video-preview":"max-video-preview:-1"},"canonical":"https:\/\/www.dor.hu\/?page_id=9","og_locale":"hu_HU","og_type":"article","og_title":"Dokumentumt\u00e1r - D\u00f6r","og_description":"Dokumentumt\u00e1rADATV\u00c9DELMI SZAB\u00c1LYZATK\u00f6zbeszerz\u00e9si dokumentumok K\u00f6zbeszerz\u00e9si dokumentum c\u00edmei Let\u00f6lt\u00e9s KULT\u00daRH\u00c1Z FEL\u00daJ\u00cdT\u00c1SA D\u00d6R K\u00d6ZS\u00c9GBEN K\u00d6ZBESZERZ\u00c9SI DOKUMENTUM Let\u00f6lt\u00e9s (pdf) KULT\u00daRH\u00c1Z FEL\u00daJ\u00cdT\u00c1SA D\u00d6R K\u00d6ZS\u00c9GBEN K\u00d6ZBESZERZ\u00c9SI AJ\u00c1NLATT\u00c9TELI FELH\u00cdV\u00c1S Let\u00f6lt\u00e9s (pdf) D\u00f6r kult\u00farh\u00e1z \u00e1razatlan k\u00f6lts\u00e9gvet\u00e9s Let\u00f6lt\u00e9s (xlsx) M\u0171szaki le\u00edr\u00e1s \u00e9s tervek Let\u00f6lt\u00e9s (zip) Polg\u00e1rmesteri nyilatkozat Let\u00f6lt\u00e9s (pdf) Bont\u00e1si tervek Let\u00f6lt\u00e9s (pdf) V\u00e1llalkoz\u00f3i szerz\u0151d\u00e9s-Kov\u00e1csBau Let\u00f6lt\u00e9s (pdf) D\u00f6r\u00a0 telep\u00fcl\u00e9srendez\u00e9si terv Fejleszt\u00e9si dokumentumok c\u00edmei Let\u00f6lt\u00e9s [&hellip;]","og_url":"https:\/\/www.dor.hu\/?page_id=9","og_site_name":"D\u00f6r","article_modified_time":"2026-03-02T08:56:59+00:00","twitter_card":"summary_large_image","schema":{"@context":"https:\/\/schema.org","@graph":[{"@type":"WebPage","@id":"https:\/\/www.dor.hu\/?page_id=9","url":"https:\/\/www.dor.hu\/?page_id=9","name":"Dokumentumt\u00e1r - D\u00f6r","isPartOf":{"@id":"https:\/\/www.dor.hu\/#website"},"datePublished":"2017-11-27T14:07:29+00:00","dateModified":"2026-03-02T08:56:59+00:00","breadcrumb":{"@id":"https:\/\/www.dor.hu\/?page_id=9#breadcrumb"},"inLanguage":"hu","potentialAction":[{"@type":"ReadAction","target":["https:\/\/www.dor.hu\/?page_id=9"]}]},{"@type":"BreadcrumbList","@id":"https:\/\/www.dor.hu\/?page_id=9#breadcrumb","itemListElement":[{"@type":"ListItem","position":1,"name":"Kezd\u0151lap","item":"https:\/\/www.dor.hu\/"},{"@type":"ListItem","position":2,"name":"Dokumentumt\u00e1r"}]},{"@type":"WebSite","@id":"https:\/\/www.dor.hu\/#website","url":"https:\/\/www.dor.hu\/","name":"D\u00f6r","description":"D\u00f6r K\u00f6zs\u00e9gi \u00d6nkorm\u00e1nyzat","potentialAction":[{"@type":"SearchAction","target":{"@type":"EntryPoint","urlTemplate":"https:\/\/www.dor.hu\/?s={search_term_string}"},"query-input":{"@type":"PropertyValueSpecification","valueRequired":true,"valueName":"search_term_string"}}],"inLanguage":"hu"}]}},"_links":{"self":[{"href":"https:\/\/www.dor.hu\/index.php?rest_route=\/wp\/v2\/pages\/9","targetHints":{"allow":["GET"]}}],"collection":[{"href":"https:\/\/www.dor.hu\/index.php?rest_route=\/wp\/v2\/pages"}],"about":[{"href":"https:\/\/www.dor.hu\/index.php?rest_route=\/wp\/v2\/types\/page"}],"author":[{"embeddable":true,"href":"https:\/\/www.dor.hu\/index.php?rest_route=\/wp\/v2\/users\/1"}],"replies":[{"embeddable":true,"href":"https:\/\/www.dor.hu\/index.php?rest_route=%2Fwp%2Fv2%2Fcomments&post=9"}],"version-history":[{"count":29,"href":"https:\/\/www.dor.hu\/index.php?rest_route=\/wp\/v2\/pages\/9\/revisions"}],"predecessor-version":[{"id":7346,"href":"https:\/\/www.dor.hu\/index.php?rest_route=\/wp\/v2\/pages\/9\/revisions\/7346"}],"wp:attachment":[{"href":"https:\/\/www.dor.hu\/index.php?rest_route=%2Fwp%2Fv2%2Fmedia&parent=9"}],"curies":[{"name":"wp","href":"https:\/\/api.w.org\/{rel}","templated":true}]}}